{"id":48630,"date":"2025-08-22T13:56:20","date_gmt":"2025-08-22T16:56:20","guid":{"rendered":"https:\/\/www.lgamoblamientos.com\/nv\/?post_type=product&#038;p=48630"},"modified":"2026-03-13T10:15:48","modified_gmt":"2026-03-13T13:15:48","slug":"trampolin-bestway-305-m-x-255-m-air-trampoline-bestway","status":"publish","type":"product","link":"https:\/\/www.lgamoblamientos.com\/nv\/product\/trampolin-bestway-305-m-x-255-m-air-trampoline-bestway\/","title":{"rendered":"Trampolin Bestway 3,05 M X 2,55 M Air Trampoline Bestway"},"content":{"rendered":"<p>TRAMPOLIN BESTWAY 3,05 X 2,55 M<\/p>\n<p>-Tama\u00f1o: 3,05 m \u00d7 2,55 m<br \/>\n&#8211; El acero galvanizado con recubrimiento en polvo proporciona protecci\u00f3n adicional contra el \u00f3xido y la corrosi\u00f3n.<br \/>\n&#8211; Cuenta con materiales resistentes a los rayos UV para soportar el intenso sol.<br \/>\n&#8211; Recinto cosido con red sin huecos y entrada con cremallera en forma de L con hebillas<br \/>\n&#8211; Herramienta para trampol\u00edn QuickSpring\u2122 con patente en tr\u00e1mite para una instalaci\u00f3n de resortes sin complicaciones con un mango de llave de doble acci\u00f3n<br \/>\n&#8211; Configuraci\u00f3n r\u00e1pida y sencilla con conexiones con pasadores el\u00e1sticos y pernos en los postes del gabinete<br \/>\n&#8211; Bastones acolchados con espuma para mayor protecci\u00f3n y amortiguaci\u00f3n.<br \/>\n&#8211; 56 resortes galvanizados para un mejor rebote y soporte.<br \/>\n&#8211; Contenido: 1 trampol\u00edn, 1 herramienta de carga de resorte, 4 anclajes, 8 almohadillas para los pies<\/p>\n","protected":false},"excerpt":{"rendered":"<p>TRAMPOLIN BESTWAY 3,05 X 2,55 M -Tama\u00f1o: 3,05 m \u00d7 2,55 m &#8211; El acero galvanizado con recubrimiento en polvo proporciona protecci\u00f3n adicional contra el \u00f3xido y la corrosi\u00f3n. &#8211;<\/p>\n","protected":false},"featured_media":48631,"comment_status":"open","ping_status":"closed","template":"","meta":{"_acf_changed":false,"_joinchat":[]},"product_cat":[290,95,303],"product_tag":[1219],"class_list":{"0":"post-48630","1":"product","2":"type-product","3":"status-publish","4":"has-post-thumbnail","6":"product_cat-jardin-exterior","7":"product_cat-accesorios-de-piscina","8":"product_cat-toboganes","9":"product_tag-cyber-fest-26","11":"first","12":"instock","13":"sale","14":"taxable","15":"shipping-taxable","16":"purchasable","17":"product-type-simple"},"acf":[],"aioseo_notices":[],"jetpack_sharing_enabled":true,"_links":{"self":[{"href":"https:\/\/www.lgamoblamientos.com\/nv\/wp-json\/wp\/v2\/product\/48630","targetHints":{"allow":["GET"]}}],"collection":[{"href":"https:\/\/www.lgamoblamientos.com\/nv\/wp-json\/wp\/v2\/product"}],"about":[{"href":"https:\/\/www.lgamoblamientos.com\/nv\/wp-json\/wp\/v2\/types\/product"}],"replies":[{"embeddable":true,"href":"https:\/\/www.lgamoblamientos.com\/nv\/wp-json\/wp\/v2\/comments?post=48630"}],"wp:featuredmedia":[{"embeddable":true,"href":"https:\/\/www.lgamoblamientos.com\/nv\/wp-json\/wp\/v2\/media\/48631"}],"wp:attachment":[{"href":"https:\/\/www.lgamoblamientos.com\/nv\/wp-json\/wp\/v2\/media?parent=48630"}],"wp:term":[{"taxonomy":"product_cat","embeddable":true,"href":"https:\/\/www.lgamoblamientos.com\/nv\/wp-json\/wp\/v2\/product_cat?post=48630"},{"taxonomy":"product_tag","embeddable":true,"href":"https:\/\/www.lgamoblamientos.com\/nv\/wp-json\/wp\/v2\/product_tag?post=48630"}],"curies":[{"name":"wp","href":"https:\/\/api.w.org\/{rel}","templated":true}]}}