{"id":48970,"date":"2025-09-24T15:17:46","date_gmt":"2025-09-24T18:17:46","guid":{"rendered":"https:\/\/www.lgamoblamientos.com\/nv\/?post_type=product&#038;p=48970"},"modified":"2026-04-18T18:30:05","modified_gmt":"2026-04-18T21:30:05","slug":"rack-mueble-living-1-puerta-con-estantes-y-patas","status":"publish","type":"product","link":"https:\/\/www.lgamoblamientos.com\/nv\/product\/rack-mueble-living-1-puerta-con-estantes-y-patas\/","title":{"rendered":"Rack Mueble Living 1 Puerta Con Estantes Y Patas"},"content":{"rendered":"<p>RACK MESA DE TV<\/p>\n<p>\u2022 Medidas: Altura 57,5 cm x Ancho 135 cm x Prof 36 cm<br \/>\n\u2022 Dimensiones espacio para TV : Ancho 135 cm x Prof 36 cm<br \/>\n\u2022 Patas 17,5 cm<br \/>\n\u2022 Color: Blanco<br \/>\n\u2022 Material MDP<br \/>\n\u2022 Dise\u00f1o contempor\u00e1neo: l\u00edneas rectas con estantes para equipos electr\u00f3nicos y objetos decorativos<br \/>\n\u2022 Para televisores de 55 pulgadas<br \/>\n\u2022 Peso: 20,90 kg<\/p>\n","protected":false},"excerpt":{"rendered":"<p>RACK MESA DE TV \u2022 Medidas: Altura 57,5 cm x Ancho 135 cm x Prof 36 cm \u2022 Dimensiones espacio para TV : Ancho 135 cm x Prof 36 cm<\/p>\n","protected":false},"featured_media":48974,"comment_status":"open","ping_status":"closed","template":"","meta":{"_acf_changed":false,"_joinchat":[]},"product_cat":[1000,89],"product_tag":[1219],"class_list":{"0":"post-48970","1":"product","2":"type-product","3":"status-publish","4":"has-post-thumbnail","6":"product_cat-comedor-living","7":"product_cat-modulares-racks","8":"product_tag-cyber-fest-26","9":"product_shipping_class-flex","11":"first","12":"instock","13":"sale","14":"taxable","15":"shipping-taxable","16":"purchasable","17":"product-type-simple"},"acf":[],"aioseo_notices":[],"jetpack_sharing_enabled":true,"_links":{"self":[{"href":"https:\/\/www.lgamoblamientos.com\/nv\/wp-json\/wp\/v2\/product\/48970","targetHints":{"allow":["GET"]}}],"collection":[{"href":"https:\/\/www.lgamoblamientos.com\/nv\/wp-json\/wp\/v2\/product"}],"about":[{"href":"https:\/\/www.lgamoblamientos.com\/nv\/wp-json\/wp\/v2\/types\/product"}],"replies":[{"embeddable":true,"href":"https:\/\/www.lgamoblamientos.com\/nv\/wp-json\/wp\/v2\/comments?post=48970"}],"wp:featuredmedia":[{"embeddable":true,"href":"https:\/\/www.lgamoblamientos.com\/nv\/wp-json\/wp\/v2\/media\/48974"}],"wp:attachment":[{"href":"https:\/\/www.lgamoblamientos.com\/nv\/wp-json\/wp\/v2\/media?parent=48970"}],"wp:term":[{"taxonomy":"product_cat","embeddable":true,"href":"https:\/\/www.lgamoblamientos.com\/nv\/wp-json\/wp\/v2\/product_cat?post=48970"},{"taxonomy":"product_tag","embeddable":true,"href":"https:\/\/www.lgamoblamientos.com\/nv\/wp-json\/wp\/v2\/product_tag?post=48970"}],"curies":[{"name":"wp","href":"https:\/\/api.w.org\/{rel}","templated":true}]}}