{"id":49404,"date":"2025-10-29T15:11:42","date_gmt":"2025-10-29T18:11:42","guid":{"rendered":"https:\/\/www.lgamoblamientos.com\/nv\/?post_type=product&#038;p=49404"},"modified":"2026-04-01T14:54:07","modified_gmt":"2026-04-01T17:54:07","slug":"rack-mesa-tv-living-estilo-colonial-3-cajones","status":"publish","type":"product","link":"https:\/\/www.lgamoblamientos.com\/nv\/product\/rack-mesa-tv-living-estilo-colonial-3-cajones\/","title":{"rendered":"Rack Mesa Tv Living Estilo Colonial 3 Cajones"},"content":{"rendered":"<p>RACK COLONIAL<\/p>\n<p>El Rack Colonial de 3 cajones es la base s\u00f3lida, con patas de madera maciza y detalles sofisticados, que tu espacio de entretenimiento necesita. Ofrece la organizaci\u00f3n ideal sin sacrificar el estilo cl\u00e1sico. Es la pieza central que aporta calidez y distinci\u00f3n a tus momentos de relax.<\/p>\n<p>\u2022 Medidas: Alto: 60 cm | Largo: 120 cm | Profundidad: 41<br \/>\n\u2022 Color: MIEL\/BLANCO<br \/>\n\u2022 Material: MDP 15 mm y MDF 3 mm<br \/>\n\u2022 3 cajones<br \/>\n\u2022 Pintura UV<br \/>\n\u2022 Pies de madera maciza<br \/>\n\u2022 Tiradores de zamak en color oro viejo<\/p>\n<p><em>Im\u00e1genes meramente ilustrativas no reportando la realidad exacta, pudiendo existir variaciones en la percepci\u00f3n<\/em><\/p>\n","protected":false},"excerpt":{"rendered":"<p>RACK COLONIAL El Rack Colonial de 3 cajones es la base s\u00f3lida, con patas de madera maciza y detalles sofisticados, que tu espacio de entretenimiento necesita. Ofrece la organizaci\u00f3n ideal<\/p>\n","protected":false},"featured_media":49405,"comment_status":"open","ping_status":"closed","template":"","meta":{"_acf_changed":false,"_joinchat":[]},"product_cat":[1000,89],"product_tag":[1219],"class_list":{"0":"post-49404","1":"product","2":"type-product","3":"status-publish","4":"has-post-thumbnail","6":"product_cat-comedor-living","7":"product_cat-modulares-racks","8":"product_tag-cyber-fest-26","9":"product_shipping_class-flex","11":"first","12":"instock","13":"sale","14":"taxable","15":"shipping-taxable","16":"purchasable","17":"product-type-simple"},"acf":[],"aioseo_notices":[],"jetpack_sharing_enabled":true,"_links":{"self":[{"href":"https:\/\/www.lgamoblamientos.com\/nv\/wp-json\/wp\/v2\/product\/49404","targetHints":{"allow":["GET"]}}],"collection":[{"href":"https:\/\/www.lgamoblamientos.com\/nv\/wp-json\/wp\/v2\/product"}],"about":[{"href":"https:\/\/www.lgamoblamientos.com\/nv\/wp-json\/wp\/v2\/types\/product"}],"replies":[{"embeddable":true,"href":"https:\/\/www.lgamoblamientos.com\/nv\/wp-json\/wp\/v2\/comments?post=49404"}],"wp:featuredmedia":[{"embeddable":true,"href":"https:\/\/www.lgamoblamientos.com\/nv\/wp-json\/wp\/v2\/media\/49405"}],"wp:attachment":[{"href":"https:\/\/www.lgamoblamientos.com\/nv\/wp-json\/wp\/v2\/media?parent=49404"}],"wp:term":[{"taxonomy":"product_cat","embeddable":true,"href":"https:\/\/www.lgamoblamientos.com\/nv\/wp-json\/wp\/v2\/product_cat?post=49404"},{"taxonomy":"product_tag","embeddable":true,"href":"https:\/\/www.lgamoblamientos.com\/nv\/wp-json\/wp\/v2\/product_tag?post=49404"}],"curies":[{"name":"wp","href":"https:\/\/api.w.org\/{rel}","templated":true}]}}