{"id":49424,"date":"2025-10-29T15:32:20","date_gmt":"2025-10-29T18:32:20","guid":{"rendered":"https:\/\/www.lgamoblamientos.com\/nv\/?post_type=product&#038;p=49424"},"modified":"2026-04-03T16:25:05","modified_gmt":"2026-04-03T19:25:05","slug":"rack-mesa-tv-living-retro-2-puertas-y-estantes","status":"publish","type":"product","link":"https:\/\/www.lgamoblamientos.com\/nv\/product\/rack-mesa-tv-living-retro-2-puertas-y-estantes\/","title":{"rendered":"Rack Mesa Tv Living Retro 2 Puertas Y Estantes"},"content":{"rendered":"<p>RACK RETRO<\/p>\n<p>El rack con capacidad para TVs de hasta 60 pulgadas es la pieza central ideal para tu sala de estar. Su estilo retro se destaca por los delicados pies de palillo y la combinaci\u00f3n de colores, ofreciendo una est\u00e9tica c\u00e1lida y sofisticada. Cuenta con dos amplios cajones con correderas y nichos abiertos para organizar consolas y equipos.<\/p>\n<p>\u2022 Medidas: Alto: 54,5 cm | Largo: 160,5 cm | Profundidad: 38,5 cm<br \/>\n\u2022 Color: MIEL\/OFFWHITE<br \/>\n\u2022 Material: MDP 15 mm<br \/>\n\u2022 2 puertas y 2 estantes<br \/>\n\u2022 Pintura UV<\/p>\n<p><em>Im\u00e1genes meramente ilustrativas no reportando la realidad exacta, pudiendo existir variaciones en la percepci\u00f3n<\/em><\/p>\n","protected":false},"excerpt":{"rendered":"<p>RACK RETRO El rack con capacidad para TVs de hasta 60 pulgadas es la pieza central ideal para tu sala de estar. Su estilo retro se destaca por los delicados<\/p>\n","protected":false},"featured_media":49425,"comment_status":"open","ping_status":"closed","template":"","meta":{"_acf_changed":false,"_joinchat":[]},"product_cat":[1000,89],"product_tag":[1219],"class_list":{"0":"post-49424","1":"product","2":"type-product","3":"status-publish","4":"has-post-thumbnail","6":"product_cat-comedor-living","7":"product_cat-modulares-racks","8":"product_tag-cyber-fest-26","9":"product_shipping_class-flex","11":"first","12":"instock","13":"sale","14":"taxable","15":"shipping-taxable","16":"purchasable","17":"product-type-simple"},"acf":[],"aioseo_notices":[],"jetpack_sharing_enabled":true,"_links":{"self":[{"href":"https:\/\/www.lgamoblamientos.com\/nv\/wp-json\/wp\/v2\/product\/49424","targetHints":{"allow":["GET"]}}],"collection":[{"href":"https:\/\/www.lgamoblamientos.com\/nv\/wp-json\/wp\/v2\/product"}],"about":[{"href":"https:\/\/www.lgamoblamientos.com\/nv\/wp-json\/wp\/v2\/types\/product"}],"replies":[{"embeddable":true,"href":"https:\/\/www.lgamoblamientos.com\/nv\/wp-json\/wp\/v2\/comments?post=49424"}],"wp:featuredmedia":[{"embeddable":true,"href":"https:\/\/www.lgamoblamientos.com\/nv\/wp-json\/wp\/v2\/media\/49425"}],"wp:attachment":[{"href":"https:\/\/www.lgamoblamientos.com\/nv\/wp-json\/wp\/v2\/media?parent=49424"}],"wp:term":[{"taxonomy":"product_cat","embeddable":true,"href":"https:\/\/www.lgamoblamientos.com\/nv\/wp-json\/wp\/v2\/product_cat?post=49424"},{"taxonomy":"product_tag","embeddable":true,"href":"https:\/\/www.lgamoblamientos.com\/nv\/wp-json\/wp\/v2\/product_tag?post=49424"}],"curies":[{"name":"wp","href":"https:\/\/api.w.org\/{rel}","templated":true}]}}