{"id":49443,"date":"2025-10-29T16:37:47","date_gmt":"2025-10-29T19:37:47","guid":{"rendered":"https:\/\/www.lgamoblamientos.com\/nv\/?post_type=product&#038;p=49443"},"modified":"2026-04-06T21:45:05","modified_gmt":"2026-04-07T00:45:05","slug":"escritorio-aparador-moderno-alto-2-cajones","status":"publish","type":"product","link":"https:\/\/www.lgamoblamientos.com\/nv\/product\/escritorio-aparador-moderno-alto-2-cajones\/","title":{"rendered":"Escritorio Aparador Moderno Alto 2 Cajones"},"content":{"rendered":"<p>ESCRITORIO RECIBIDOR<\/p>\n<p>Este escritorio con 2 cajones combina un estilo moderno y elegante con la m\u00e1xima funcionalidad. Sus s\u00f3lidas patas de madera y el dise\u00f1o limpio aportan calidez a cualquier rinc\u00f3n, mientras que sus cajones con correderas y nicho abierto te dan la organizaci\u00f3n que necesitas para enfocarte. Crea tu ambiente perfecto de trabajo o estudio.<\/p>\n<p>\u2022 Medidas: Alto: 86 cm | Largo: 100 cm | Profundidad: 45,5 cm<br \/>\n\u2022 Color: MIEL\/OFFWHITE<br \/>\n\u2022 Material: MDP 15 mm<br \/>\n\u2022 2 cajones<br \/>\n\u2022 Pintura UV<\/p>\n<p><em>Im\u00e1genes meramente ilustrativas no reportando la realidad exacta, pudiendo existir variaciones en la percepci\u00f3n<\/em><\/p>\n","protected":false},"excerpt":{"rendered":"<p>ESCRITORIO RECIBIDOR Este escritorio con 2 cajones combina un estilo moderno y elegante con la m\u00e1xima funcionalidad. Sus s\u00f3lidas patas de madera y el dise\u00f1o limpio aportan calidez a cualquier<\/p>\n","protected":false},"featured_media":49445,"comment_status":"open","ping_status":"closed","template":"","meta":{"_acf_changed":false,"_joinchat":[]},"product_cat":[1000,999,329,93],"product_tag":[1219],"class_list":{"0":"post-49443","1":"product","2":"type-product","3":"status-publish","4":"has-post-thumbnail","6":"product_cat-comedor-living","7":"product_cat-oficina","8":"product_cat-aparadores","9":"product_cat-escritorios","10":"product_tag-cyber-fest-26","11":"product_shipping_class-flex","13":"first","14":"instock","15":"sale","16":"taxable","17":"shipping-taxable","18":"purchasable","19":"product-type-simple"},"acf":[],"aioseo_notices":[],"jetpack_sharing_enabled":true,"_links":{"self":[{"href":"https:\/\/www.lgamoblamientos.com\/nv\/wp-json\/wp\/v2\/product\/49443","targetHints":{"allow":["GET"]}}],"collection":[{"href":"https:\/\/www.lgamoblamientos.com\/nv\/wp-json\/wp\/v2\/product"}],"about":[{"href":"https:\/\/www.lgamoblamientos.com\/nv\/wp-json\/wp\/v2\/types\/product"}],"replies":[{"embeddable":true,"href":"https:\/\/www.lgamoblamientos.com\/nv\/wp-json\/wp\/v2\/comments?post=49443"}],"wp:featuredmedia":[{"embeddable":true,"href":"https:\/\/www.lgamoblamientos.com\/nv\/wp-json\/wp\/v2\/media\/49445"}],"wp:attachment":[{"href":"https:\/\/www.lgamoblamientos.com\/nv\/wp-json\/wp\/v2\/media?parent=49443"}],"wp:term":[{"taxonomy":"product_cat","embeddable":true,"href":"https:\/\/www.lgamoblamientos.com\/nv\/wp-json\/wp\/v2\/product_cat?post=49443"},{"taxonomy":"product_tag","embeddable":true,"href":"https:\/\/www.lgamoblamientos.com\/nv\/wp-json\/wp\/v2\/product_tag?post=49443"}],"curies":[{"name":"wp","href":"https:\/\/api.w.org\/{rel}","templated":true}]}}