{"id":49525,"date":"2025-10-30T13:48:15","date_gmt":"2025-10-30T16:48:15","guid":{"rendered":"https:\/\/www.lgamoblamientos.com\/nv\/?post_type=product&#038;p=49525"},"modified":"2026-04-26T21:44:07","modified_gmt":"2026-04-27T00:44:07","slug":"rack-mesa-tv-living-estilo-colonial-3-cajones-recibidor","status":"publish","type":"product","link":"https:\/\/www.lgamoblamientos.com\/nv\/product\/rack-mesa-tv-living-estilo-colonial-3-cajones-recibidor\/","title":{"rendered":"Rack Mesa Tv Living Estilo Colonial 3 Cajones + Recibidor"},"content":{"rendered":"<p>RACK COLONIAL + RECIBIDOR<\/p>\n<p>&#8212;RACK COLONIAL<\/p>\n<p>El Rack Colonial de 3 cajones es la base s\u00f3lida, con patas de madera maciza y detalles sofisticados, que tu espacio de entretenimiento necesita. Ofrece la organizaci\u00f3n ideal sin sacrificar el estilo cl\u00e1sico. Es la pieza central que aporta calidez y distinci\u00f3n a tus momentos de relax.<\/p>\n<p>\u2022 Medidas: Alto: 60 cm | Largo: 120 cm | Profundidad: 41<br \/>\n\u2022 Color: MIEL\/BLANCO<br \/>\n\u2022 Material: MDP 15 mm y MDF 3 mm<br \/>\n\u2022 3 cajones<br \/>\n\u2022 Pintura UV<br \/>\n\u2022 Pies de madera maciza<br \/>\n\u2022 Tiradores de zamak en color oro viejo<\/p>\n<p>&#8212;&#8211;APARADOR COLONIAL<\/p>\n<p>El Aparador Colonial de 2 cajones es la pieza clave para crear un ambiente con calidez y estilo inconfundible. Con la solidez de sus patas de madera maciza, es el toque de distinci\u00f3n que estabas buscando.<\/p>\n<p>\u2022 Medidas: Alto: 83 cm | Largo: 136 cm | Profundidad: 41<br \/>\n\u2022 Color: MIEL\/BLANCO<br \/>\n\u2022 Material: MDP 15 mm y MDF 3 mm<br \/>\n\u2022 2 cajones<br \/>\n\u2022 Pintura UV<br \/>\n\u2022 Pies de madera maciza<br \/>\n\u2022 Tiradores de zamak en color oro viejo<\/p>\n","protected":false},"excerpt":{"rendered":"<p>RACK COLONIAL + RECIBIDOR &#8212;RACK COLONIAL El Rack Colonial de 3 cajones es la base s\u00f3lida, con patas de madera maciza y detalles sofisticados, que tu espacio de entretenimiento necesita.<\/p>\n","protected":false},"featured_media":49526,"comment_status":"open","ping_status":"closed","template":"","meta":{"_acf_changed":false,"_joinchat":[]},"product_cat":[1000,329,89],"product_tag":[1219],"class_list":{"0":"post-49525","1":"product","2":"type-product","3":"status-publish","4":"has-post-thumbnail","6":"product_cat-comedor-living","7":"product_cat-aparadores","8":"product_cat-modulares-racks","9":"product_tag-cyber-fest-26","11":"first","12":"instock","13":"sale","14":"taxable","15":"shipping-taxable","16":"purchasable","17":"product-type-simple"},"acf":[],"aioseo_notices":[],"jetpack_sharing_enabled":true,"_links":{"self":[{"href":"https:\/\/www.lgamoblamientos.com\/nv\/wp-json\/wp\/v2\/product\/49525","targetHints":{"allow":["GET"]}}],"collection":[{"href":"https:\/\/www.lgamoblamientos.com\/nv\/wp-json\/wp\/v2\/product"}],"about":[{"href":"https:\/\/www.lgamoblamientos.com\/nv\/wp-json\/wp\/v2\/types\/product"}],"replies":[{"embeddable":true,"href":"https:\/\/www.lgamoblamientos.com\/nv\/wp-json\/wp\/v2\/comments?post=49525"}],"wp:featuredmedia":[{"embeddable":true,"href":"https:\/\/www.lgamoblamientos.com\/nv\/wp-json\/wp\/v2\/media\/49526"}],"wp:attachment":[{"href":"https:\/\/www.lgamoblamientos.com\/nv\/wp-json\/wp\/v2\/media?parent=49525"}],"wp:term":[{"taxonomy":"product_cat","embeddable":true,"href":"https:\/\/www.lgamoblamientos.com\/nv\/wp-json\/wp\/v2\/product_cat?post=49525"},{"taxonomy":"product_tag","embeddable":true,"href":"https:\/\/www.lgamoblamientos.com\/nv\/wp-json\/wp\/v2\/product_tag?post=49525"}],"curies":[{"name":"wp","href":"https:\/\/api.w.org\/{rel}","templated":true}]}}