{"id":50604,"date":"2026-02-04T13:07:42","date_gmt":"2026-02-04T16:07:42","guid":{"rendered":"https:\/\/www.lgamoblamientos.com\/nv\/?post_type=product&#038;p=50604"},"modified":"2026-04-14T11:30:18","modified_gmt":"2026-04-14T14:30:18","slug":"estanteria-bamboo-varios-niveles-plantas","status":"publish","type":"product","link":"https:\/\/www.lgamoblamientos.com\/nv\/product\/estanteria-bamboo-varios-niveles-plantas\/","title":{"rendered":"Estanteria Bamboo Varios Niveles Plantas"},"content":{"rendered":"<p>ESTANTERIA BAMBOO PARA PLANTAS<\/p>\n<p>Medidas: Largo 113 cm x Altura 97 cm x Profundidad 25 cm<\/p>\n<p>Estanter\u00eda ideal para organizar y exhibir plantas, orqu\u00eddeas y suculentas, tanto en interiores como en exteriores. Su dise\u00f1o vertical de 6 niveles permite aprovechar el espacio y mantener las plantas bien distribuidas y visibles, aportando un toque decorativo natural a cualquier ambiente.<\/p>\n<p>Cuenta con estructura firme y estable, ideal para sala, balc\u00f3n, terraza, patio u oficina.<\/p>\n<p>6 niveles de exhibici\u00f3n<br \/>\nDise\u00f1o vertical y compacto<br \/>\nIdeal para plantas y macetas<br \/>\nUso interior y exterior<\/p>\n","protected":false},"excerpt":{"rendered":"<p>ESTANTERIA BAMBOO PARA PLANTAS Medidas: Largo 113 cm x Altura 97 cm x Profundidad 25 cm Estanter\u00eda ideal para organizar y exhibir plantas, orqu\u00eddeas y suculentas, tanto en interiores como<\/p>\n","protected":false},"featured_media":50607,"comment_status":"open","ping_status":"closed","template":"","meta":{"_acf_changed":false,"_joinchat":[]},"product_cat":[883,1224,290,51],"product_tag":[],"class_list":{"0":"post-50604","1":"product","2":"type-product","3":"status-publish","4":"has-post-thumbnail","6":"product_cat-decoracion-organizacion","7":"product_cat-nuevos-ingresos","8":"product_cat-jardin-exterior","9":"product_cat-jardin","10":"product_shipping_class-flex","12":"first","13":"instock","14":"sale","15":"taxable","16":"shipping-taxable","17":"purchasable","18":"product-type-simple"},"acf":[],"aioseo_notices":[],"jetpack_sharing_enabled":true,"_links":{"self":[{"href":"https:\/\/www.lgamoblamientos.com\/nv\/wp-json\/wp\/v2\/product\/50604","targetHints":{"allow":["GET"]}}],"collection":[{"href":"https:\/\/www.lgamoblamientos.com\/nv\/wp-json\/wp\/v2\/product"}],"about":[{"href":"https:\/\/www.lgamoblamientos.com\/nv\/wp-json\/wp\/v2\/types\/product"}],"replies":[{"embeddable":true,"href":"https:\/\/www.lgamoblamientos.com\/nv\/wp-json\/wp\/v2\/comments?post=50604"}],"wp:featuredmedia":[{"embeddable":true,"href":"https:\/\/www.lgamoblamientos.com\/nv\/wp-json\/wp\/v2\/media\/50607"}],"wp:attachment":[{"href":"https:\/\/www.lgamoblamientos.com\/nv\/wp-json\/wp\/v2\/media?parent=50604"}],"wp:term":[{"taxonomy":"product_cat","embeddable":true,"href":"https:\/\/www.lgamoblamientos.com\/nv\/wp-json\/wp\/v2\/product_cat?post=50604"},{"taxonomy":"product_tag","embeddable":true,"href":"https:\/\/www.lgamoblamientos.com\/nv\/wp-json\/wp\/v2\/product_tag?post=50604"}],"curies":[{"name":"wp","href":"https:\/\/api.w.org\/{rel}","templated":true}]}}