{"id":51142,"date":"2026-03-20T14:38:02","date_gmt":"2026-03-20T17:38:02","guid":{"rendered":"https:\/\/www.lgamoblamientos.com\/nv\/?post_type=product&#038;p=51142"},"modified":"2026-04-15T17:57:44","modified_gmt":"2026-04-15T20:57:44","slug":"aparador-buffet-industrial-3-cajones-2-puertas","status":"publish","type":"product","link":"https:\/\/www.lgamoblamientos.com\/nv\/product\/aparador-buffet-industrial-3-cajones-2-puertas\/","title":{"rendered":"Aparador Buffet Industrial 3 Cajones 2 Puertas"},"content":{"rendered":"<p>APARADOR INDUSTRIAL 3 CAJONES 2 PUERTAS<\/p>\n<p>\u2022 Medidas: Largo 1.50 m x Altura 0.82 m x Prof 0.39 m<br \/>\n\u2022 Colores disponibles: OAK<br \/>\n\u2022 Cuenta con una estructura met\u00e1lica de 20 mm (pintura epoxi) y MDP de 15 mm<br \/>\n\u2022 Tiene cajones centrales con tiradores de aluminio y gu\u00edas met\u00e1licas, puertas laterales de vidrio ahumado de 3 mm, estantes internos y patas met\u00e1licas<br \/>\n\u2022 Se entrega desarmado en caja<br \/>\n\u2022 Soporta hasta 40 Kg<\/p>\n","protected":false},"excerpt":{"rendered":"[embed]https:\/\/youtube.com\/shorts\/mO8onCFzSUc?feature=share[\/embed]\n","protected":false},"featured_media":51144,"comment_status":"open","ping_status":"closed","template":"","meta":{"_acf_changed":false,"_joinchat":[]},"product_cat":[1000,1224,329],"product_tag":[],"class_list":{"0":"post-51142","1":"product","2":"type-product","3":"status-publish","4":"has-post-thumbnail","6":"product_cat-comedor-living","7":"product_cat-nuevos-ingresos","8":"product_cat-aparadores","10":"first","11":"instock","12":"sale","13":"taxable","14":"shipping-taxable","15":"purchasable","16":"product-type-simple"},"acf":[],"aioseo_notices":[],"jetpack_sharing_enabled":true,"_links":{"self":[{"href":"https:\/\/www.lgamoblamientos.com\/nv\/wp-json\/wp\/v2\/product\/51142","targetHints":{"allow":["GET"]}}],"collection":[{"href":"https:\/\/www.lgamoblamientos.com\/nv\/wp-json\/wp\/v2\/product"}],"about":[{"href":"https:\/\/www.lgamoblamientos.com\/nv\/wp-json\/wp\/v2\/types\/product"}],"replies":[{"embeddable":true,"href":"https:\/\/www.lgamoblamientos.com\/nv\/wp-json\/wp\/v2\/comments?post=51142"}],"wp:featuredmedia":[{"embeddable":true,"href":"https:\/\/www.lgamoblamientos.com\/nv\/wp-json\/wp\/v2\/media\/51144"}],"wp:attachment":[{"href":"https:\/\/www.lgamoblamientos.com\/nv\/wp-json\/wp\/v2\/media?parent=51142"}],"wp:term":[{"taxonomy":"product_cat","embeddable":true,"href":"https:\/\/www.lgamoblamientos.com\/nv\/wp-json\/wp\/v2\/product_cat?post=51142"},{"taxonomy":"product_tag","embeddable":true,"href":"https:\/\/www.lgamoblamientos.com\/nv\/wp-json\/wp\/v2\/product_tag?post=51142"}],"curies":[{"name":"wp","href":"https:\/\/api.w.org\/{rel}","templated":true}]}}