{"id":51149,"date":"2026-03-20T14:48:59","date_gmt":"2026-03-20T17:48:59","guid":{"rendered":"https:\/\/www.lgamoblamientos.com\/nv\/?post_type=product&#038;p=51149"},"modified":"2026-04-17T16:17:08","modified_gmt":"2026-04-17T19:17:08","slug":"mueble-de-cocina-compacta-industrial-moderno","status":"publish","type":"product","link":"https:\/\/www.lgamoblamientos.com\/nv\/product\/mueble-de-cocina-compacta-industrial-moderno\/","title":{"rendered":"Mueble De Cocina Compacta Industrial Moderno"},"content":{"rendered":"<p>MUEBLE DE COCINA COMPACTA<\/p>\n<p>\u2022 Medidas: Largo 1.50 m x Altura 1.79 m x Prof 0.39 m<br \/>\n\u2022 Colores disponibles: OAK<br \/>\n\u2022 Cuenta con una estructura met\u00e1lica de 20 mm (pintura epoxi) y MDP de 15 mm<br \/>\n\u2022 Con una base met\u00e1lica que refuerza el estilo industrial de la pieza, el mueble consta de cajones con gu\u00edas met\u00e1licas y tiradores de aluminio, estantes (superior e inferior) con amplio espacio de almacenamiento y puertas con cristal ahumado de 3 mm<br \/>\n\u2022 Se entrega desarmado en caja<br \/>\n\u2022 Soporta hasta 45 Kg<br \/>\n\u2022 Peso 68 Kg<\/p>\n","protected":false},"excerpt":{"rendered":"[embed]https:\/\/youtube.com\/shorts\/Zo-ezyOWtu4?feature=share[\/embed]\n","protected":false},"featured_media":51150,"comment_status":"open","ping_status":"closed","template":"","meta":{"_acf_changed":false,"_joinchat":[]},"product_cat":[1224,106],"product_tag":[],"class_list":{"0":"post-51149","1":"product","2":"type-product","3":"status-publish","4":"has-post-thumbnail","6":"product_cat-nuevos-ingresos","7":"product_cat-muebles-de-cocina","9":"first","10":"instock","11":"sale","12":"taxable","13":"shipping-taxable","14":"purchasable","15":"product-type-simple"},"acf":[],"aioseo_notices":[],"jetpack_sharing_enabled":true,"_links":{"self":[{"href":"https:\/\/www.lgamoblamientos.com\/nv\/wp-json\/wp\/v2\/product\/51149","targetHints":{"allow":["GET"]}}],"collection":[{"href":"https:\/\/www.lgamoblamientos.com\/nv\/wp-json\/wp\/v2\/product"}],"about":[{"href":"https:\/\/www.lgamoblamientos.com\/nv\/wp-json\/wp\/v2\/types\/product"}],"replies":[{"embeddable":true,"href":"https:\/\/www.lgamoblamientos.com\/nv\/wp-json\/wp\/v2\/comments?post=51149"}],"wp:featuredmedia":[{"embeddable":true,"href":"https:\/\/www.lgamoblamientos.com\/nv\/wp-json\/wp\/v2\/media\/51150"}],"wp:attachment":[{"href":"https:\/\/www.lgamoblamientos.com\/nv\/wp-json\/wp\/v2\/media?parent=51149"}],"wp:term":[{"taxonomy":"product_cat","embeddable":true,"href":"https:\/\/www.lgamoblamientos.com\/nv\/wp-json\/wp\/v2\/product_cat?post=51149"},{"taxonomy":"product_tag","embeddable":true,"href":"https:\/\/www.lgamoblamientos.com\/nv\/wp-json\/wp\/v2\/product_tag?post=51149"}],"curies":[{"name":"wp","href":"https:\/\/api.w.org\/{rel}","templated":true}]}}