{"id":51240,"date":"2026-03-24T10:26:30","date_gmt":"2026-03-24T13:26:30","guid":{"rendered":"https:\/\/www.lgamoblamientos.com\/nv\/?post_type=product&#038;p=51240"},"modified":"2026-04-16T11:19:03","modified_gmt":"2026-04-16T14:19:03","slug":"silla-de-escritorio-ergonomica-c-apoyacabezas-2","status":"publish","type":"product","link":"https:\/\/www.lgamoblamientos.com\/nv\/product\/silla-de-escritorio-ergonomica-c-apoyacabezas-2\/","title":{"rendered":"Silla De Escritorio Ergon\u00f3mica C\/apoyacabezas"},"content":{"rendered":"<p>SILLA DE ESCRITORIO ERGONOMICA BLANCA<\/p>\n<p>\u2022 Colores Disponibles: BLANCO\/NEGRO<br \/>\n\u2022 Medidas: Ancho 65 cm x Altura 110 -120 cm x Prof 48 cm<br \/>\n\u2022 Material del tapizado: Tela.<br \/>\n\u2022 Espalda solida<br \/>\n\u2022 Base metalica<br \/>\n\u2022 Altura ajustable, apoyabrazos ajustables, silla giratoria 360, Reposacabezas ajustable, respaldo reclinable 120 grados<br \/>\n\u2022 Peso m\u00e1ximo soportado: 140kg.<br \/>\n\u2022 Esta silla de oficina aplica principios ergon\u00f3micos en el dise\u00f1o del coj\u00edn y el respaldo, adapt\u00e1ndose a la curvatura corporal en posici\u00f3n sentada y a los h\u00e1bitos de uso<\/p>\n","protected":false},"excerpt":{"rendered":"<p>SILLA DE ESCRITORIO ERGONOMICA BLANCA \u2022 Colores Disponibles: BLANCO\/NEGRO \u2022 Medidas: Ancho 65 cm x Altura 110 -120 cm x Prof 48 cm \u2022 Material del tapizado: Tela. \u2022 Espalda<\/p>\n","protected":false},"featured_media":51242,"comment_status":"open","ping_status":"closed","template":"","meta":{"_acf_changed":false,"_joinchat":[]},"product_cat":[999,94],"product_tag":[],"class_list":{"0":"post-51240","1":"product","2":"type-product","3":"status-publish","4":"has-post-thumbnail","6":"product_cat-oficina","7":"product_cat-sillas","8":"product_shipping_class-flex","10":"first","11":"instock","12":"sale","13":"taxable","14":"shipping-taxable","15":"purchasable","16":"product-type-simple"},"acf":[],"aioseo_notices":[],"jetpack_sharing_enabled":true,"_links":{"self":[{"href":"https:\/\/www.lgamoblamientos.com\/nv\/wp-json\/wp\/v2\/product\/51240","targetHints":{"allow":["GET"]}}],"collection":[{"href":"https:\/\/www.lgamoblamientos.com\/nv\/wp-json\/wp\/v2\/product"}],"about":[{"href":"https:\/\/www.lgamoblamientos.com\/nv\/wp-json\/wp\/v2\/types\/product"}],"replies":[{"embeddable":true,"href":"https:\/\/www.lgamoblamientos.com\/nv\/wp-json\/wp\/v2\/comments?post=51240"}],"wp:featuredmedia":[{"embeddable":true,"href":"https:\/\/www.lgamoblamientos.com\/nv\/wp-json\/wp\/v2\/media\/51242"}],"wp:attachment":[{"href":"https:\/\/www.lgamoblamientos.com\/nv\/wp-json\/wp\/v2\/media?parent=51240"}],"wp:term":[{"taxonomy":"product_cat","embeddable":true,"href":"https:\/\/www.lgamoblamientos.com\/nv\/wp-json\/wp\/v2\/product_cat?post=51240"},{"taxonomy":"product_tag","embeddable":true,"href":"https:\/\/www.lgamoblamientos.com\/nv\/wp-json\/wp\/v2\/product_tag?post=51240"}],"curies":[{"name":"wp","href":"https:\/\/api.w.org\/{rel}","templated":true}]}}