{"id":51639,"date":"2026-04-14T08:49:22","date_gmt":"2026-04-14T11:49:22","guid":{"rendered":"https:\/\/www.lgamoblamientos.com\/nv\/?post_type=product&#038;p=51639"},"modified":"2026-04-14T08:51:16","modified_gmt":"2026-04-14T11:51:16","slug":"sillon-sofa-cama-2-plazas-up-lift-super-comfort-outlet","status":"publish","type":"product","link":"https:\/\/www.lgamoblamientos.com\/nv\/product\/sillon-sofa-cama-2-plazas-up-lift-super-comfort-outlet\/","title":{"rendered":"Sillon Sofa Cama 2 Plazas Up-lift Super Comfort &#8211; OUTLET"},"content":{"rendered":"<p>SILLON SOFA CAMA 2 PLAZAS UP-LIFT<\/p>\n<p>Medidas sill\u00f3n: Ancho 1,63 m x Altura 77 cm x Prof 1,11<br \/>\nMedidas cama: Ancho 1,63 m x Altura 44 cm x Prof 2,03<\/p>\n<p>Estructura 100% madera de eucaliptus tratada<br \/>\nCorreas el\u00e1sticas en asiento y respaldo para refuerzo y mayor soporte<br \/>\nDensidad media, D23<br \/>\nSoporta hasta 200 Kg<\/p>\n<p>Up-lift representa la innovaci\u00f3n en una tipolog\u00eda de sof\u00e1 con cama integrada. Su forma permite la transformaci\u00f3n mediante la simple elevaci\u00f3n del respaldo, que provoca la elevaci\u00f3n autom\u00e1tica del reposa piernas, manteniendo una altura \u00f3ptima<\/p>\n<p>Adem\u00e1s de su rotaci\u00f3n espec\u00edfica, su armoniosa ergonom\u00eda y su forma, cada detalle de Up-lift ha sido cuidadosamente pensado y dise\u00f1ado<\/p>\n<p>Detalle en tapizado<\/p>\n<p>&nbsp;<\/p>\n","protected":false},"excerpt":{"rendered":"[embed]https:\/\/www.youtube.com\/shorts\/DIJRgTaS1gk[\/embed]\n","protected":false},"featured_media":50528,"comment_status":"open","ping_status":"closed","template":"","meta":{"_acf_changed":false,"_joinchat":[]},"product_cat":[504],"product_tag":[],"class_list":{"0":"post-51639","1":"product","2":"type-product","3":"status-publish","4":"has-post-thumbnail","6":"product_cat-outlet","8":"first","9":"instock","10":"sale","11":"taxable","12":"shipping-taxable","13":"purchasable","14":"product-type-variable"},"acf":[],"aioseo_notices":[],"jetpack_sharing_enabled":true,"_links":{"self":[{"href":"https:\/\/www.lgamoblamientos.com\/nv\/wp-json\/wp\/v2\/product\/51639","targetHints":{"allow":["GET"]}}],"collection":[{"href":"https:\/\/www.lgamoblamientos.com\/nv\/wp-json\/wp\/v2\/product"}],"about":[{"href":"https:\/\/www.lgamoblamientos.com\/nv\/wp-json\/wp\/v2\/types\/product"}],"replies":[{"embeddable":true,"href":"https:\/\/www.lgamoblamientos.com\/nv\/wp-json\/wp\/v2\/comments?post=51639"}],"wp:featuredmedia":[{"embeddable":true,"href":"https:\/\/www.lgamoblamientos.com\/nv\/wp-json\/wp\/v2\/media\/50528"}],"wp:attachment":[{"href":"https:\/\/www.lgamoblamientos.com\/nv\/wp-json\/wp\/v2\/media?parent=51639"}],"wp:term":[{"taxonomy":"product_cat","embeddable":true,"href":"https:\/\/www.lgamoblamientos.com\/nv\/wp-json\/wp\/v2\/product_cat?post=51639"},{"taxonomy":"product_tag","embeddable":true,"href":"https:\/\/www.lgamoblamientos.com\/nv\/wp-json\/wp\/v2\/product_tag?post=51639"}],"curies":[{"name":"wp","href":"https:\/\/api.w.org\/{rel}","templated":true}]}}