{"id":5575,"date":"2019-11-28T23:45:17","date_gmt":"2019-11-29T02:45:17","guid":{"rendered":"http:\/\/www.lgamoblamientos.com\/nv\/product\/colchon-inflable-2-plazas-bestway-2\/"},"modified":"2026-03-12T16:35:08","modified_gmt":"2026-03-12T19:35:08","slug":"colchon-inflable-2-plazas-bestway-2","status":"publish","type":"product","link":"https:\/\/www.lgamoblamientos.com\/nv\/product\/colchon-inflable-2-plazas-bestway-2\/","title":{"rendered":"Colchon Inflable 2 Plazas + Inflador El\u00e9ctrico Bestway LG"},"content":{"rendered":"<p>CAMA DE AIRE PREMIUM &#8211; BOMBA DE AIRE \/ DOBLE EXTRA<br \/>\n* V\u00e1lvula de seguridad<br \/>\n* Vinilo resistente probado<br \/>\n* Coj\u00edn incorporado<br \/>\n* C\u00f3moda superficie para dormir flocada<br \/>\n* Resistente fabricaci\u00f3n en tubular<br \/>\n* Bomba de aire el\u00e9ctrica 220-240V~incorporada Certificaci\u00f3n TUV)<br \/>\n* Se hincha en 240 segundos<br \/>\n* Ideal para usar en interiores<br \/>\n* Bolsa de transporte incluida<br \/>\n* Parche de reparaci\u00f3n extra fuerte inclu\u00eddo<br \/>\nContenido: Una cama de aire, una bolsa de transporte, parche de reparaci\u00f3n<br \/>\nSoporta un peso de 295 Kg<\/p>\n<p>*Medidas: 2,03m x 1,52cm x 46cm<\/p>\n","protected":false},"excerpt":{"rendered":"<p>CAMA DE AIRE PREMIUM &#8211; BOMBA DE AIRE \/ DOBLE EXTRA * V\u00e1lvula de seguridad * Vinilo resistente probado * Coj\u00edn incorporado * C\u00f3moda superficie para dormir flocada * Resistente<\/p>\n","protected":false},"featured_media":17730,"comment_status":"open","ping_status":"closed","template":"","meta":{"_acf_changed":false,"_joinchat":[]},"product_cat":[63],"product_tag":[1219],"class_list":{"0":"post-5575","1":"product","2":"type-product","3":"status-publish","4":"has-post-thumbnail","6":"product_cat-camping","7":"product_tag-cyber-fest-26","8":"product_shipping_class-flex","10":"first","11":"outofstock","12":"taxable","13":"shipping-taxable","14":"product-type-simple"},"acf":[],"aioseo_notices":[],"jetpack_sharing_enabled":true,"_links":{"self":[{"href":"https:\/\/www.lgamoblamientos.com\/nv\/wp-json\/wp\/v2\/product\/5575","targetHints":{"allow":["GET"]}}],"collection":[{"href":"https:\/\/www.lgamoblamientos.com\/nv\/wp-json\/wp\/v2\/product"}],"about":[{"href":"https:\/\/www.lgamoblamientos.com\/nv\/wp-json\/wp\/v2\/types\/product"}],"replies":[{"embeddable":true,"href":"https:\/\/www.lgamoblamientos.com\/nv\/wp-json\/wp\/v2\/comments?post=5575"}],"wp:featuredmedia":[{"embeddable":true,"href":"https:\/\/www.lgamoblamientos.com\/nv\/wp-json\/wp\/v2\/media\/17730"}],"wp:attachment":[{"href":"https:\/\/www.lgamoblamientos.com\/nv\/wp-json\/wp\/v2\/media?parent=5575"}],"wp:term":[{"taxonomy":"product_cat","embeddable":true,"href":"https:\/\/www.lgamoblamientos.com\/nv\/wp-json\/wp\/v2\/product_cat?post=5575"},{"taxonomy":"product_tag","embeddable":true,"href":"https:\/\/www.lgamoblamientos.com\/nv\/wp-json\/wp\/v2\/product_tag?post=5575"}],"curies":[{"name":"wp","href":"https:\/\/api.w.org\/{rel}","templated":true}]}}