{"id":5680,"date":"2019-11-28T23:53:11","date_gmt":"2019-11-29T02:53:11","guid":{"rendered":"http:\/\/www.lgamoblamientos.com\/nv\/product\/alitas-flotadoras-hot-wheels\/"},"modified":"2026-03-25T11:57:06","modified_gmt":"2026-03-25T14:57:06","slug":"alitas-flotadoras-hot-wheels","status":"publish","type":"product","link":"https:\/\/www.lgamoblamientos.com\/nv\/product\/alitas-flotadoras-hot-wheels\/","title":{"rendered":"Alitas Flotadoras Hot Wheels"},"content":{"rendered":"<p>Un par de manguitos flotadores con divertido dise\u00f1o de autos.<br \/>\nCon v\u00e1lvula de seguridad, 2 c\u00e1maras de aire y vinilo resistente a la sal y rayos UV.<br \/>\nPara ni\u00f1os a partir de los 3 a\u00f1os.<br \/>\nMedidas: Largo 0.23 x Ancho 0.15<\/p>\n<p>*im\u00e1genes ilustrativas<\/p>\n","protected":false},"excerpt":{"rendered":"<p>Un par de manguitos flotadores con divertido dise\u00f1o de autos. Con v\u00e1lvula de seguridad, 2 c\u00e1maras de aire y vinilo resistente a la sal y rayos UV. Para ni\u00f1os a<\/p>\n","protected":false},"featured_media":18152,"comment_status":"open","ping_status":"closed","template":"","meta":{"_acf_changed":false,"_joinchat":[]},"product_cat":[290,95],"product_tag":[1211],"class_list":{"0":"post-5680","1":"product","2":"type-product","3":"status-publish","4":"has-post-thumbnail","6":"product_cat-jardin-exterior","7":"product_cat-accesorios-de-piscina","8":"product_tag-ciberlunes","9":"product_shipping_class-flex","11":"first","12":"outofstock","13":"taxable","14":"shipping-taxable","15":"purchasable","16":"product-type-simple"},"acf":[],"aioseo_notices":[],"jetpack_sharing_enabled":true,"_links":{"self":[{"href":"https:\/\/www.lgamoblamientos.com\/nv\/wp-json\/wp\/v2\/product\/5680","targetHints":{"allow":["GET"]}}],"collection":[{"href":"https:\/\/www.lgamoblamientos.com\/nv\/wp-json\/wp\/v2\/product"}],"about":[{"href":"https:\/\/www.lgamoblamientos.com\/nv\/wp-json\/wp\/v2\/types\/product"}],"replies":[{"embeddable":true,"href":"https:\/\/www.lgamoblamientos.com\/nv\/wp-json\/wp\/v2\/comments?post=5680"}],"wp:featuredmedia":[{"embeddable":true,"href":"https:\/\/www.lgamoblamientos.com\/nv\/wp-json\/wp\/v2\/media\/18152"}],"wp:attachment":[{"href":"https:\/\/www.lgamoblamientos.com\/nv\/wp-json\/wp\/v2\/media?parent=5680"}],"wp:term":[{"taxonomy":"product_cat","embeddable":true,"href":"https:\/\/www.lgamoblamientos.com\/nv\/wp-json\/wp\/v2\/product_cat?post=5680"},{"taxonomy":"product_tag","embeddable":true,"href":"https:\/\/www.lgamoblamientos.com\/nv\/wp-json\/wp\/v2\/product_tag?post=5680"}],"curies":[{"name":"wp","href":"https:\/\/api.w.org\/{rel}","templated":true}]}}