{"id":5785,"date":"2019-11-29T00:01:00","date_gmt":"2019-11-29T03:01:00","guid":{"rendered":"http:\/\/www.lgamoblamientos.com\/nv\/product\/jacuzzi-inflable-lay-z-spa-inflable-hawaii-bestway\/"},"modified":"2023-11-06T17:47:17","modified_gmt":"2023-11-06T20:47:17","slug":"jacuzzi-inflable-lay-z-spa-inflable-hawaii-bestway","status":"publish","type":"product","link":"https:\/\/www.lgamoblamientos.com\/nv\/product\/jacuzzi-inflable-lay-z-spa-inflable-hawaii-bestway\/","title":{"rendered":"Jacuzzi Inflable Lay Z Spa Inflable Hawaii Bestway"},"content":{"rendered":"<p>Capacidad: 4-6 adultos<br \/>\nCapacidad de agua (80%): 840 L<br \/>\nTama\u00f1o hinchado: 1,80 m x 1,80 m x 0.71 m (71&#8243; x 71&#8243; x 28&#8243;)<br \/>\nPeso lleno: 879 kg<\/p>\n<p>Flujo de agua real: 1,325 L\/h (350 galones.\/h)<br \/>\nSistema de calentamiento: Aprox. 1.5-2.0\u00ba C\/h<br \/>\nCapacidad m\u00e1xima de calentamiento: 40 \u00baC<br \/>\nBomba y piscina con hidromasaje probadas previamente<br \/>\nParedes infladas hechas de material TriTechTM para ofrecer los mejores niveles de durabilidad y confort<\/p>\n<p>Rel\u00e1jese con estas irresistibles caracter\u00edsticas:<br \/>\nSistema AirJet\u2122 relajante<br \/>\nSistema de ahorro de energ\u00eda: Sistema de calentamiento controlado por tiempo con inicio\/parada autom\u00e1ticos<br \/>\nSistema de filtrado de agua integrado<br \/>\nBlando suelo aislado con pr\u00e1ctico sistema de vaciado r\u00e1pido<br \/>\nEl protector de la almohadilla de aire mantiene el agua caliente<br \/>\nCubierta de cuero de imitaci\u00f3n con pinzas de sujeci\u00f3n de seguridad y c\u00e1mara de aire integrada para ofrecer aislamiento<br \/>\nSe hincha usando la bomba del hidromasaje<br \/>\nBomba con control digital y panel de control t\u00e1ctil<br \/>\nLa bomba se suministra con un dispositivo de corriente residual. Corriente de funcionamiento residual nominal no superior a 10 mA<br \/>\nEl burbujeo y el calentamiento se combinan para ofrecerle un masaje de lo m\u00e1s agradable<\/p>\n<p>Contenido: Revestimiento de piscina, cubierta de piscina, bomba de hidromasaje, flotador qu\u00edmico, man\u00f3metro de alta presi\u00f3n, cartucho de filtro (VI), protector de la almohadilla de aire, sistema AirJet\u2122, kit de reparaci\u00f3n, DVD<\/p>\n<p>*im\u00e1genes ilustrativas<\/p>\n","protected":false},"excerpt":{"rendered":"<p>Capacidad: 4-6 adultos Capacidad de agua (80%): 840 L Tama\u00f1o hinchado: 1,80 m x 1,80 m x 0.71 m (71&#8243; x 71&#8243; x 28&#8243;) Peso lleno: 879 kg Flujo de<\/p>\n","protected":false},"featured_media":27246,"comment_status":"open","ping_status":"closed","template":"","meta":{"_acf_changed":false,"_joinchat":[]},"product_cat":[290,97],"product_tag":[],"class_list":{"0":"post-5785","1":"product","2":"type-product","3":"status-publish","4":"has-post-thumbnail","6":"product_cat-jardin-exterior","7":"product_cat-jacuzzi","9":"first","10":"outofstock","11":"taxable","12":"shipping-taxable","13":"purchasable","14":"product-type-simple"},"acf":[],"aioseo_notices":[],"jetpack_sharing_enabled":true,"_links":{"self":[{"href":"https:\/\/www.lgamoblamientos.com\/nv\/wp-json\/wp\/v2\/product\/5785","targetHints":{"allow":["GET"]}}],"collection":[{"href":"https:\/\/www.lgamoblamientos.com\/nv\/wp-json\/wp\/v2\/product"}],"about":[{"href":"https:\/\/www.lgamoblamientos.com\/nv\/wp-json\/wp\/v2\/types\/product"}],"replies":[{"embeddable":true,"href":"https:\/\/www.lgamoblamientos.com\/nv\/wp-json\/wp\/v2\/comments?post=5785"}],"wp:featuredmedia":[{"embeddable":true,"href":"https:\/\/www.lgamoblamientos.com\/nv\/wp-json\/wp\/v2\/media\/27246"}],"wp:attachment":[{"href":"https:\/\/www.lgamoblamientos.com\/nv\/wp-json\/wp\/v2\/media?parent=5785"}],"wp:term":[{"taxonomy":"product_cat","embeddable":true,"href":"https:\/\/www.lgamoblamientos.com\/nv\/wp-json\/wp\/v2\/product_cat?post=5785"},{"taxonomy":"product_tag","embeddable":true,"href":"https:\/\/www.lgamoblamientos.com\/nv\/wp-json\/wp\/v2\/product_tag?post=5785"}],"curies":[{"name":"wp","href":"https:\/\/api.w.org\/{rel}","templated":true}]}}