{"id":5853,"date":"2019-11-29T00:27:23","date_gmt":"2019-11-29T03:27:23","guid":{"rendered":"http:\/\/www.lgamoblamientos.com\/nv\/product\/chaleco-salvavidas-flotador-inflable-nina-fisherprice\/"},"modified":"2026-02-07T19:02:17","modified_gmt":"2026-02-07T22:02:17","slug":"chaleco-salvavidas-flotador-inflable-nina-fisherprice","status":"publish","type":"product","link":"https:\/\/www.lgamoblamientos.com\/nv\/product\/chaleco-salvavidas-flotador-inflable-nina-fisherprice\/","title":{"rendered":"Chaleco Salvavidas Flotador Ni\u00f1a Fisherprice"},"content":{"rendered":"<p>* C\u00f3moda tela<\/p>\n<p>* Protecci\u00f3n Uv &#8211; UPF 50<br \/>\n* Almohadillas de espuma integradas<br \/>\n* Dise\u00f1o con faldita<br \/>\n* Atractivo dise\u00f1o gr\u00e1fico<br \/>\n* Flotabilidad probada<br \/>\n* Cremallera de bloqueo autom\u00e1tico resistente con protecci\u00f3n en la solapa cuando se cierra<\/p>\n<p>* Peso S\/M 11-18kg , M\/L 18-30kg<\/p>\n<p>Contenido: Un flotador para principiantes<\/p>\n","protected":false},"excerpt":{"rendered":"<p>* C\u00f3moda tela * Protecci\u00f3n Uv &#8211; UPF 50 * Almohadillas de espuma integradas * Dise\u00f1o con faldita * Atractivo dise\u00f1o gr\u00e1fico * Flotabilidad probada * Cremallera de bloqueo autom\u00e1tico<\/p>\n","protected":false},"featured_media":7820,"comment_status":"open","ping_status":"closed","template":"","meta":{"_acf_changed":false,"_joinchat":[]},"product_cat":[290,95,289,305],"product_tag":[1219],"class_list":{"0":"post-5853","1":"product","2":"type-product","3":"status-publish","4":"has-post-thumbnail","6":"product_cat-jardin-exterior","7":"product_cat-accesorios-de-piscina","8":"product_cat-articulos-para-ninos","9":"product_cat-juguetes-y-centro-de-juegos","10":"product_tag-cyber-fest-26","11":"product_shipping_class-flex","13":"first","14":"instock","15":"taxable","16":"shipping-taxable","17":"purchasable","18":"product-type-simple"},"acf":[],"aioseo_notices":[],"jetpack_sharing_enabled":true,"_links":{"self":[{"href":"https:\/\/www.lgamoblamientos.com\/nv\/wp-json\/wp\/v2\/product\/5853","targetHints":{"allow":["GET"]}}],"collection":[{"href":"https:\/\/www.lgamoblamientos.com\/nv\/wp-json\/wp\/v2\/product"}],"about":[{"href":"https:\/\/www.lgamoblamientos.com\/nv\/wp-json\/wp\/v2\/types\/product"}],"replies":[{"embeddable":true,"href":"https:\/\/www.lgamoblamientos.com\/nv\/wp-json\/wp\/v2\/comments?post=5853"}],"wp:featuredmedia":[{"embeddable":true,"href":"https:\/\/www.lgamoblamientos.com\/nv\/wp-json\/wp\/v2\/media\/7820"}],"wp:attachment":[{"href":"https:\/\/www.lgamoblamientos.com\/nv\/wp-json\/wp\/v2\/media?parent=5853"}],"wp:term":[{"taxonomy":"product_cat","embeddable":true,"href":"https:\/\/www.lgamoblamientos.com\/nv\/wp-json\/wp\/v2\/product_cat?post=5853"},{"taxonomy":"product_tag","embeddable":true,"href":"https:\/\/www.lgamoblamientos.com\/nv\/wp-json\/wp\/v2\/product_tag?post=5853"}],"curies":[{"name":"wp","href":"https:\/\/api.w.org\/{rel}","templated":true}]}}