{"id":5862,"date":"2019-11-29T00:27:57","date_gmt":"2019-11-29T03:27:57","guid":{"rendered":"http:\/\/www.lgamoblamientos.com\/nv\/product\/mesa-plastico-verde-marino-nino-nina-infantil-rimax\/"},"modified":"2026-03-13T11:06:35","modified_gmt":"2026-03-13T14:06:35","slug":"mesa-plastico-verde-marino-nino-nina-infantil-rimax","status":"publish","type":"product","link":"https:\/\/www.lgamoblamientos.com\/nv\/product\/mesa-plastico-verde-marino-nino-nina-infantil-rimax\/","title":{"rendered":"Mesa Pl\u00e1stico Verde Marino Ni\u00f1o Ni\u00f1a Infantil Rimax"},"content":{"rendered":"<p>Mesa infantil dise\u00f1ada con bordes redondeados para mayor seguridad, en color llamativo, de f\u00e1cil limpieza.<br \/>\nGracias a su liviana estructura, es f\u00e1cil de transportar.<br \/>\nColor disponible : Verde Marino<br \/>\nCapacidad 4 sillas<\/p>\n<p>Peso: 2,58 Kg<br \/>\nMedidas: Ancho 70,7 cm x Alto 50,7 cm x Largo 70,7 cm<\/p>\n","protected":false},"excerpt":{"rendered":"<p>Mesa infantil dise\u00f1ada con bordes redondeados para mayor seguridad, en color llamativo, de f\u00e1cil limpieza. Gracias a su liviana estructura, es f\u00e1cil de transportar. Color disponible : Verde Marino Capacidad<\/p>\n","protected":false},"featured_media":23200,"comment_status":"open","ping_status":"closed","template":"","meta":{"_acf_changed":false,"_joinchat":[]},"product_cat":[289,548],"product_tag":[1219],"class_list":{"0":"post-5862","1":"product","2":"type-product","3":"status-publish","4":"has-post-thumbnail","6":"product_cat-articulos-para-ninos","7":"product_cat-muebles-infantiles","8":"product_tag-cyber-fest-26","9":"product_shipping_class-flex","11":"first","12":"instock","13":"sale","14":"taxable","15":"shipping-taxable","16":"purchasable","17":"product-type-simple"},"acf":[],"aioseo_notices":[],"jetpack_sharing_enabled":true,"_links":{"self":[{"href":"https:\/\/www.lgamoblamientos.com\/nv\/wp-json\/wp\/v2\/product\/5862","targetHints":{"allow":["GET"]}}],"collection":[{"href":"https:\/\/www.lgamoblamientos.com\/nv\/wp-json\/wp\/v2\/product"}],"about":[{"href":"https:\/\/www.lgamoblamientos.com\/nv\/wp-json\/wp\/v2\/types\/product"}],"replies":[{"embeddable":true,"href":"https:\/\/www.lgamoblamientos.com\/nv\/wp-json\/wp\/v2\/comments?post=5862"}],"wp:featuredmedia":[{"embeddable":true,"href":"https:\/\/www.lgamoblamientos.com\/nv\/wp-json\/wp\/v2\/media\/23200"}],"wp:attachment":[{"href":"https:\/\/www.lgamoblamientos.com\/nv\/wp-json\/wp\/v2\/media?parent=5862"}],"wp:term":[{"taxonomy":"product_cat","embeddable":true,"href":"https:\/\/www.lgamoblamientos.com\/nv\/wp-json\/wp\/v2\/product_cat?post=5862"},{"taxonomy":"product_tag","embeddable":true,"href":"https:\/\/www.lgamoblamientos.com\/nv\/wp-json\/wp\/v2\/product_tag?post=5862"}],"curies":[{"name":"wp","href":"https:\/\/api.w.org\/{rel}","templated":true}]}}