{"id":5875,"date":"2019-11-29T00:28:59","date_gmt":"2019-11-29T03:28:59","guid":{"rendered":"http:\/\/www.lgamoblamientos.com\/nv\/product\/botiquin-gabinete-para-bano-con-espejo-rimax\/"},"modified":"2024-11-25T18:55:42","modified_gmt":"2024-11-25T21:55:42","slug":"botiquin-gabinete-para-bano-con-espejo-rimax","status":"publish","type":"product","link":"https:\/\/www.lgamoblamientos.com\/nv\/product\/botiquin-gabinete-para-bano-con-espejo-rimax\/","title":{"rendered":"Botiquin Gabinete Para Ba\u00f1o Con Espejo Rimax"},"content":{"rendered":"<p>Colores disponibles:<br \/>\nBlanco<br \/>\nTabaco<br \/>\nBotiqu\u00edn para ba\u00f1o con espejo, ideal para uso en el ba\u00f1o por que es resistente a la humedad.<br \/>\nCon tres espacios independientes para almacenar, dos puertas, una de ellas con espejo y 2 estantes removibles.<br \/>\nCada estante resiste hasta 3 Kg .<br \/>\nEl gabinete puede ser usado para abrir la puerta hacia el lado izquierdo y el izquierdo, solo elija la forma adecuada.<br \/>\nIncluye tornillos para colgar en la pared.<br \/>\nNo se oxida, f\u00e1cil de limpiar y de cuidar.<\/p>\n<p>Articulo Rimax empresa l\u00edder en art\u00edculos pl\u00e1sticos.<\/p>\n<p>Peso: 2,9 Kg<br \/>\nMedidas: Ancho 19,3 cm x Alto 46,5 cm x Largo 59,8 cm<\/p>\n<p>Medida espejo 38 cm de Alto x 26 cm de Ancho<\/p>\n","protected":false},"excerpt":{"rendered":"<p>Colores disponibles: Blanco Tabaco Botiqu\u00edn para ba\u00f1o con espejo, ideal para uso en el ba\u00f1o por que es resistente a la humedad. Con tres espacios independientes para almacenar, dos puertas,<\/p>\n","protected":false},"featured_media":17393,"comment_status":"open","ping_status":"closed","template":"","meta":{"_acf_changed":false,"_joinchat":[]},"product_cat":[292],"product_tag":[],"class_list":{"0":"post-5875","1":"product","2":"type-product","3":"status-publish","4":"has-post-thumbnail","6":"product_cat-bano","7":"product_shipping_class-flex","9":"first","10":"outofstock","11":"taxable","12":"shipping-taxable","13":"product-type-variable"},"acf":[],"aioseo_notices":[],"jetpack_sharing_enabled":true,"_links":{"self":[{"href":"https:\/\/www.lgamoblamientos.com\/nv\/wp-json\/wp\/v2\/product\/5875","targetHints":{"allow":["GET"]}}],"collection":[{"href":"https:\/\/www.lgamoblamientos.com\/nv\/wp-json\/wp\/v2\/product"}],"about":[{"href":"https:\/\/www.lgamoblamientos.com\/nv\/wp-json\/wp\/v2\/types\/product"}],"replies":[{"embeddable":true,"href":"https:\/\/www.lgamoblamientos.com\/nv\/wp-json\/wp\/v2\/comments?post=5875"}],"wp:featuredmedia":[{"embeddable":true,"href":"https:\/\/www.lgamoblamientos.com\/nv\/wp-json\/wp\/v2\/media\/17393"}],"wp:attachment":[{"href":"https:\/\/www.lgamoblamientos.com\/nv\/wp-json\/wp\/v2\/media?parent=5875"}],"wp:term":[{"taxonomy":"product_cat","embeddable":true,"href":"https:\/\/www.lgamoblamientos.com\/nv\/wp-json\/wp\/v2\/product_cat?post=5875"},{"taxonomy":"product_tag","embeddable":true,"href":"https:\/\/www.lgamoblamientos.com\/nv\/wp-json\/wp\/v2\/product_tag?post=5875"}],"curies":[{"name":"wp","href":"https:\/\/api.w.org\/{rel}","templated":true}]}}