{"id":5877,"date":"2019-11-29T00:28:59","date_gmt":"2019-11-29T03:28:59","guid":{"rendered":"http:\/\/www.lgamoblamientos.com\/nv\/product\/silla-plastico-infantil-nino-kiddy-infantil-azul-rimax\/"},"modified":"2025-09-27T09:25:12","modified_gmt":"2025-09-27T12:25:12","slug":"silla-plastico-infantil-nino-kiddy-infantil-azul-rimax","status":"publish","type":"product","link":"https:\/\/www.lgamoblamientos.com\/nv\/product\/silla-plastico-infantil-nino-kiddy-infantil-azul-rimax\/","title":{"rendered":"Silla Pl\u00e1stico Infantil Ni\u00f1o Kiddy Infantil Azul Rimax"},"content":{"rendered":"<p>Silla c\u00f3moda, estable y ergon\u00f3mica.<br \/>\nIdeal para espacios infantiles como jardines, colegios y para uso en casa.<br \/>\nColor disponible: Azul<br \/>\nPeso: 0,8 Kg<br \/>\nMedidas: Ancho 37,2 cm x Alto 53,2 cm x Largo 43,3 cm<\/p>\n","protected":false},"excerpt":{"rendered":"<p>Silla c\u00f3moda, estable y ergon\u00f3mica. Ideal para espacios infantiles como jardines, colegios y para uso en casa. Color disponible: Azul Peso: 0,8 Kg Medidas: Ancho 37,2 cm x Alto 53,2<\/p>\n","protected":false},"featured_media":27351,"comment_status":"open","ping_status":"closed","template":"","meta":{"_acf_changed":false,"_joinchat":[]},"product_cat":[289,548],"product_tag":[],"class_list":{"0":"post-5877","1":"product","2":"type-product","3":"status-publish","4":"has-post-thumbnail","6":"product_cat-articulos-para-ninos","7":"product_cat-muebles-infantiles","8":"product_shipping_class-flex","10":"first","11":"outofstock","12":"taxable","13":"shipping-taxable","14":"product-type-simple"},"acf":[],"aioseo_notices":[],"jetpack_sharing_enabled":true,"_links":{"self":[{"href":"https:\/\/www.lgamoblamientos.com\/nv\/wp-json\/wp\/v2\/product\/5877","targetHints":{"allow":["GET"]}}],"collection":[{"href":"https:\/\/www.lgamoblamientos.com\/nv\/wp-json\/wp\/v2\/product"}],"about":[{"href":"https:\/\/www.lgamoblamientos.com\/nv\/wp-json\/wp\/v2\/types\/product"}],"replies":[{"embeddable":true,"href":"https:\/\/www.lgamoblamientos.com\/nv\/wp-json\/wp\/v2\/comments?post=5877"}],"wp:featuredmedia":[{"embeddable":true,"href":"https:\/\/www.lgamoblamientos.com\/nv\/wp-json\/wp\/v2\/media\/27351"}],"wp:attachment":[{"href":"https:\/\/www.lgamoblamientos.com\/nv\/wp-json\/wp\/v2\/media?parent=5877"}],"wp:term":[{"taxonomy":"product_cat","embeddable":true,"href":"https:\/\/www.lgamoblamientos.com\/nv\/wp-json\/wp\/v2\/product_cat?post=5877"},{"taxonomy":"product_tag","embeddable":true,"href":"https:\/\/www.lgamoblamientos.com\/nv\/wp-json\/wp\/v2\/product_tag?post=5877"}],"curies":[{"name":"wp","href":"https:\/\/api.w.org\/{rel}","templated":true}]}}