{"id":5905,"date":"2019-11-29T00:31:22","date_gmt":"2019-11-29T03:31:22","guid":{"rendered":"http:\/\/www.lgamoblamientos.com\/nv\/product\/extractor-de-jugo-juguera-kassel-inox-ks-exj700\/"},"modified":"2021-07-29T10:08:41","modified_gmt":"2021-07-29T13:08:41","slug":"extractor-de-jugo-juguera-kassel-inox-ks-exj700","status":"publish","type":"product","link":"https:\/\/www.lgamoblamientos.com\/nv\/product\/extractor-de-jugo-juguera-kassel-inox-ks-exj700\/","title":{"rendered":"Extractor de Jugo Juguera Kassel Inox KS-EXJ700"},"content":{"rendered":"<p>&#8211; Marca: Kassel<br \/>\n&#8211; Dise\u00f1o moderno en Acero inox.<br \/>\n&#8211; 100% extracci\u00f3n de jugo<br \/>\n&#8211; F\u00e1cil de limpiar<br \/>\n&#8211; Potencia: 700w<br \/>\n&#8211; Garant\u00eda: 2 a\u00f1os<\/p>\n","protected":false},"excerpt":{"rendered":"<p>&#8211; Marca: Kassel &#8211; Dise\u00f1o moderno en Acero inox. &#8211; 100% extracci\u00f3n de jugo &#8211; F\u00e1cil de limpiar &#8211; Potencia: 700w &#8211; Garant\u00eda: 2 a\u00f1os<\/p>\n","protected":false},"featured_media":7991,"comment_status":"open","ping_status":"closed","template":"","meta":{"_acf_changed":false,"_joinchat":[]},"product_cat":[42,81],"product_tag":[],"class_list":{"0":"post-5905","1":"product","2":"type-product","3":"status-publish","4":"has-post-thumbnail","6":"product_cat-electrodomesticos","7":"product_cat-pequenos-electrodomesticos","9":"first","10":"outofstock","11":"taxable","12":"shipping-taxable","13":"purchasable","14":"product-type-simple"},"acf":[],"aioseo_notices":[],"jetpack_sharing_enabled":true,"_links":{"self":[{"href":"https:\/\/www.lgamoblamientos.com\/nv\/wp-json\/wp\/v2\/product\/5905","targetHints":{"allow":["GET"]}}],"collection":[{"href":"https:\/\/www.lgamoblamientos.com\/nv\/wp-json\/wp\/v2\/product"}],"about":[{"href":"https:\/\/www.lgamoblamientos.com\/nv\/wp-json\/wp\/v2\/types\/product"}],"replies":[{"embeddable":true,"href":"https:\/\/www.lgamoblamientos.com\/nv\/wp-json\/wp\/v2\/comments?post=5905"}],"wp:featuredmedia":[{"embeddable":true,"href":"https:\/\/www.lgamoblamientos.com\/nv\/wp-json\/wp\/v2\/media\/7991"}],"wp:attachment":[{"href":"https:\/\/www.lgamoblamientos.com\/nv\/wp-json\/wp\/v2\/media?parent=5905"}],"wp:term":[{"taxonomy":"product_cat","embeddable":true,"href":"https:\/\/www.lgamoblamientos.com\/nv\/wp-json\/wp\/v2\/product_cat?post=5905"},{"taxonomy":"product_tag","embeddable":true,"href":"https:\/\/www.lgamoblamientos.com\/nv\/wp-json\/wp\/v2\/product_tag?post=5905"}],"curies":[{"name":"wp","href":"https:\/\/api.w.org\/{rel}","templated":true}]}}