{"id":6000,"date":"2019-11-29T00:33:41","date_gmt":"2019-11-29T03:33:41","guid":{"rendered":"http:\/\/www.lgamoblamientos.com\/nv\/product\/botiquin-gabinete-esquinero-organizador-de-ducha-rimax\/"},"modified":"2026-04-22T13:51:19","modified_gmt":"2026-04-22T16:51:19","slug":"botiquin-gabinete-esquinero-organizador-de-ducha-rimax","status":"publish","type":"product","link":"https:\/\/www.lgamoblamientos.com\/nv\/product\/botiquin-gabinete-esquinero-organizador-de-ducha-rimax\/","title":{"rendered":"Botiqu\u00edn Gabinete + Esquinero + Organizador De Ducha Rimax"},"content":{"rendered":"<p>COMBO BOTIQU\u00cdN + ESQUINERO + ORGANIZADOR RIMAX<\/p>\n<p>Incluye: 1 botiqu\u00edn + 1 Esquinero + 1 Organizador<\/p>\n<p>&#8212;- BOTIQU\u00cdN GABINETE PARA BA\u00d1O CON ESPEJO BLANCO RIMAX<br \/>\nBotiqu\u00edn para ba\u00f1o con espejo, ideal para uso en el ba\u00f1o por que es resistente a la humedad.<br \/>\nCon tres espacios independientes para almacenar, dos puertas, una de ellas con espejo y 2 estantes removibles.<br \/>\nCada estante resiste hasta 3 Kg .<br \/>\nEl gabinete puede ser usado para abrir la puerta hacia el lado izquierdo y el izquierdo, solo elija la forma adecuada.<br \/>\nIncluye tornillos para colgar en la pared.<br \/>\nNo se oxida, f\u00e1cil de limpiar y de cuidar.<br \/>\nPeso: 2,9 Kg<br \/>\nMedidas: Ancho 19,3 cm x Alto 46,5 cm x Largo 59,8 cm<\/p>\n<p>&#8212;-ORGANIZADOR DE DUCHA BLANCO COLGANTE 3 ESPACIOS RIMAX<\/p>\n<p>Tres espacios con el tama\u00f1o ideal de los envases.<br \/>\nBandejas mas profundas y con mayor altura y perforaciones que permiten filtrar el agua y facilitan la limpieza.<br \/>\nAdaptador que facilita instalar en cualquier tama\u00f1o de grifo ; pared o ducha; se puede retirar o dejar a la preferencia.<br \/>\nJabonera con drenaje y espacio.<br \/>\n4 ganchos para colgar accesorios de ducha.<br \/>\nPeso: 0,5 Kg<br \/>\nMedidas: Ancho 14,7 cm x Alto 70 cm x Largo 26,5 cm<\/p>\n<p>&#8212;-ESQUINERO C\/2 ESTANTES ORGANIZADOR PARA BA\u00d1O BLANCO RIMAX<\/p>\n<p>Pr\u00e1ctico mueble esquinero ideal para optimizar el espacio en el ba\u00f1o y la ducha.<br \/>\nTiene 3 compartimentos, una jabonera con superficie antideslizantes y tres gancheras para todos los art\u00edculos necesarios.<br \/>\nNo se oxida, es resistente a la humedad.<br \/>\nTiene aditivo antimicrobial que previene la formaci\u00f3n de hongos y bacterias. Resistencia hasta 6 kg de peso.<br \/>\nMedidas: Largo 25 cm x Alto 41 cm x Ancho 17,5 cm<\/p>\n","protected":false},"excerpt":{"rendered":"<p>COMBO BOTIQU\u00cdN + ESQUINERO + ORGANIZADOR RIMAX Incluye: 1 botiqu\u00edn + 1 Esquinero + 1 Organizador &#8212;- BOTIQU\u00cdN GABINETE PARA BA\u00d1O CON ESPEJO BLANCO RIMAX Botiqu\u00edn para ba\u00f1o con espejo,<\/p>\n","protected":false},"featured_media":8349,"comment_status":"open","ping_status":"closed","template":"","meta":{"_acf_changed":false,"_joinchat":[]},"product_cat":[292],"product_tag":[],"class_list":{"0":"post-6000","1":"product","2":"type-product","3":"status-publish","4":"has-post-thumbnail","6":"product_cat-bano","7":"product_shipping_class-flex","9":"first","10":"outofstock","11":"taxable","12":"shipping-taxable","13":"purchasable","14":"product-type-simple"},"acf":[],"aioseo_notices":[],"jetpack_sharing_enabled":true,"_links":{"self":[{"href":"https:\/\/www.lgamoblamientos.com\/nv\/wp-json\/wp\/v2\/product\/6000","targetHints":{"allow":["GET"]}}],"collection":[{"href":"https:\/\/www.lgamoblamientos.com\/nv\/wp-json\/wp\/v2\/product"}],"about":[{"href":"https:\/\/www.lgamoblamientos.com\/nv\/wp-json\/wp\/v2\/types\/product"}],"replies":[{"embeddable":true,"href":"https:\/\/www.lgamoblamientos.com\/nv\/wp-json\/wp\/v2\/comments?post=6000"}],"wp:featuredmedia":[{"embeddable":true,"href":"https:\/\/www.lgamoblamientos.com\/nv\/wp-json\/wp\/v2\/media\/8349"}],"wp:attachment":[{"href":"https:\/\/www.lgamoblamientos.com\/nv\/wp-json\/wp\/v2\/media?parent=6000"}],"wp:term":[{"taxonomy":"product_cat","embeddable":true,"href":"https:\/\/www.lgamoblamientos.com\/nv\/wp-json\/wp\/v2\/product_cat?post=6000"},{"taxonomy":"product_tag","embeddable":true,"href":"https:\/\/www.lgamoblamientos.com\/nv\/wp-json\/wp\/v2\/product_tag?post=6000"}],"curies":[{"name":"wp","href":"https:\/\/api.w.org\/{rel}","templated":true}]}}