{"id":6019,"date":"2019-11-29T00:33:49","date_gmt":"2019-11-29T03:33:49","guid":{"rendered":"http:\/\/www.lgamoblamientos.com\/nv\/product\/papelera-tapa-movil-10-litros-apariencia-metal-negra-rimax\/"},"modified":"2025-09-27T05:10:05","modified_gmt":"2025-09-27T08:10:05","slug":"papelera-tapa-movil-10-litros-apariencia-metal-negra-rimax","status":"publish","type":"product","link":"https:\/\/www.lgamoblamientos.com\/nv\/product\/papelera-tapa-movil-10-litros-apariencia-metal-negra-rimax\/","title":{"rendered":"Papelera Tapa M\u00f3vil 10 Litros Apariencia Metal Negra Rimax"},"content":{"rendered":"<p>PAPELERA 10 LITROS TAPA M\u00d3VIL<\/p>\n<p>Papelera metalizada con los beneficios del pl\u00e1stico.<br \/>\nNo se oxida y no tiene abolladuras.<br \/>\nL\u00e1mina con tecnologia inmold que no se raya no se desvanece.<br \/>\nTapa Roll top con textura opaca que contrasta con apariencia metalizada.<br \/>\nMas moderna. Menos rayones y mas duraci\u00f3n.<br \/>\nMedidas: Ancho 23 cm x Alto 42,7 cm x Largo 23 cm<br \/>\nCapacidad de 10 litros.<\/p>\n","protected":false},"excerpt":{"rendered":"<p>PAPELERA 10 LITROS TAPA M\u00d3VIL Papelera metalizada con los beneficios del pl\u00e1stico. No se oxida y no tiene abolladuras. L\u00e1mina con tecnologia inmold que no se raya no se desvanece.<\/p>\n","protected":false},"featured_media":19542,"comment_status":"open","ping_status":"closed","template":"","meta":{"_acf_changed":false,"_joinchat":[]},"product_cat":[48,331],"product_tag":[],"class_list":{"0":"post-6019","1":"product","2":"type-product","3":"status-publish","4":"has-post-thumbnail","6":"product_cat-ferreteria","7":"product_cat-papeleras","8":"product_shipping_class-flex","10":"first","11":"outofstock","12":"taxable","13":"shipping-taxable","14":"product-type-simple"},"acf":[],"aioseo_notices":[],"jetpack_sharing_enabled":true,"_links":{"self":[{"href":"https:\/\/www.lgamoblamientos.com\/nv\/wp-json\/wp\/v2\/product\/6019","targetHints":{"allow":["GET"]}}],"collection":[{"href":"https:\/\/www.lgamoblamientos.com\/nv\/wp-json\/wp\/v2\/product"}],"about":[{"href":"https:\/\/www.lgamoblamientos.com\/nv\/wp-json\/wp\/v2\/types\/product"}],"replies":[{"embeddable":true,"href":"https:\/\/www.lgamoblamientos.com\/nv\/wp-json\/wp\/v2\/comments?post=6019"}],"wp:featuredmedia":[{"embeddable":true,"href":"https:\/\/www.lgamoblamientos.com\/nv\/wp-json\/wp\/v2\/media\/19542"}],"wp:attachment":[{"href":"https:\/\/www.lgamoblamientos.com\/nv\/wp-json\/wp\/v2\/media?parent=6019"}],"wp:term":[{"taxonomy":"product_cat","embeddable":true,"href":"https:\/\/www.lgamoblamientos.com\/nv\/wp-json\/wp\/v2\/product_cat?post=6019"},{"taxonomy":"product_tag","embeddable":true,"href":"https:\/\/www.lgamoblamientos.com\/nv\/wp-json\/wp\/v2\/product_tag?post=6019"}],"curies":[{"name":"wp","href":"https:\/\/api.w.org\/{rel}","templated":true}]}}