{"id":6080,"date":"2019-11-29T00:34:21","date_gmt":"2019-11-29T03:34:21","guid":{"rendered":"http:\/\/www.lgamoblamientos.com\/nv\/product\/armario-bodega-plastico-para-jardin-2-puertas-y-tapa-rimax\/"},"modified":"2024-10-04T11:13:08","modified_gmt":"2024-10-04T14:13:08","slug":"armario-bodega-plastico-para-jardin-2-puertas-y-tapa-rimax","status":"publish","type":"product","link":"https:\/\/www.lgamoblamientos.com\/nv\/product\/armario-bodega-plastico-para-jardin-2-puertas-y-tapa-rimax\/","title":{"rendered":"Armario Bodega Pl\u00e1stico Para Jard\u00edn 2 Puertas Y Tapa Rimax"},"content":{"rendered":"<p>ARMARIO BODEGA JARD\u00cdN DE 2 PUERTAS<\/p>\n<p>Medidas: Largo 1,56 m x Alto 1,17 m x Ancho 90,4 cm<br \/>\nColor disponible: Gris<\/p>\n<p>Gran soluci\u00f3n de almacenamiento para su uso al aire libre.<br \/>\nSe puede poner en el patio, terraza o en el interior de un garaje.<br \/>\nIdeal para guardar maquinaria y herramientas de jard\u00edn, cojines de patio, botes de basura, bicicletas peque\u00f1as y otros art\u00edculos de uso exterior.<br \/>\nOjo de candado y tapa de apertura neum\u00e1tica.<br \/>\nResistente y Duradero, no requiere mantenimiento.<br \/>\nF\u00e1cil de armar, f\u00e1cil de limpiar.<\/p>\n","protected":false},"excerpt":{"rendered":"<p>ARMARIO BODEGA JARD\u00cdN DE 2 PUERTAS Medidas: Largo 1,56 m x Alto 1,17 m x Ancho 90,4 cm Color disponible: Gris Gran soluci\u00f3n de almacenamiento para su uso al aire<\/p>\n","protected":false},"featured_media":8581,"comment_status":"open","ping_status":"closed","template":"","meta":{"_acf_changed":false,"_joinchat":[]},"product_cat":[290,51],"product_tag":[],"class_list":{"0":"post-6080","1":"product","2":"type-product","3":"status-publish","4":"has-post-thumbnail","6":"product_cat-jardin-exterior","7":"product_cat-jardin","9":"first","10":"outofstock","11":"taxable","12":"shipping-taxable","13":"purchasable","14":"product-type-simple"},"acf":[],"aioseo_notices":[],"jetpack_sharing_enabled":true,"_links":{"self":[{"href":"https:\/\/www.lgamoblamientos.com\/nv\/wp-json\/wp\/v2\/product\/6080","targetHints":{"allow":["GET"]}}],"collection":[{"href":"https:\/\/www.lgamoblamientos.com\/nv\/wp-json\/wp\/v2\/product"}],"about":[{"href":"https:\/\/www.lgamoblamientos.com\/nv\/wp-json\/wp\/v2\/types\/product"}],"replies":[{"embeddable":true,"href":"https:\/\/www.lgamoblamientos.com\/nv\/wp-json\/wp\/v2\/comments?post=6080"}],"wp:featuredmedia":[{"embeddable":true,"href":"https:\/\/www.lgamoblamientos.com\/nv\/wp-json\/wp\/v2\/media\/8581"}],"wp:attachment":[{"href":"https:\/\/www.lgamoblamientos.com\/nv\/wp-json\/wp\/v2\/media?parent=6080"}],"wp:term":[{"taxonomy":"product_cat","embeddable":true,"href":"https:\/\/www.lgamoblamientos.com\/nv\/wp-json\/wp\/v2\/product_cat?post=6080"},{"taxonomy":"product_tag","embeddable":true,"href":"https:\/\/www.lgamoblamientos.com\/nv\/wp-json\/wp\/v2\/product_tag?post=6080"}],"curies":[{"name":"wp","href":"https:\/\/api.w.org\/{rel}","templated":true}]}}