{"id":6159,"date":"2019-11-29T00:35:13","date_gmt":"2019-11-29T03:35:13","guid":{"rendered":"http:\/\/www.lgamoblamientos.com\/nv\/product\/cuna-colecho-bebe-cama-practicuna-para-bebe\/"},"modified":"2021-07-29T10:54:42","modified_gmt":"2021-07-29T13:54:42","slug":"cuna-colecho-bebe-cama-practicuna-para-bebe","status":"publish","type":"product","link":"https:\/\/www.lgamoblamientos.com\/nv\/product\/cuna-colecho-bebe-cama-practicuna-para-bebe\/","title":{"rendered":"Cuna Colecho Beb\u00e9 Cama + Practicuna Para Bebe"},"content":{"rendered":"<p>CUNA COLECHO BEBE CON LATERAL REMOVIBLE + PRACTICUNA PARA BEBE<\/p>\n<p>Incluye: 1 Cuna Colecho + 1 Practicuna<\/p>\n<p>&#8212;- CUNA COLECHO BEBE<\/p>\n<p>Con lateral removible para unir a la cama del adulto.<br \/>\nMedidas: Alt: 1,00m \/ Lar: 1,00m \/ Prof: 0,53cm<br \/>\n&#8211; Facilita la lactancia nocturna.<br \/>\n&#8211; Puede utilizarse como cuna colecho o como mois\u00e9s en forma independiente<br \/>\n&#8211; Mejora la calidad del sue\u00f1o del beb\u00e9 y de los pap\u00e1s.<br \/>\n&#8211; Permite tranquilizar r\u00e1pidamente al beb\u00e9 por las noches.<br \/>\n&#8211; Indicada para camas de adultos de diferentes tipos, pero de lados rectos y alineados<br \/>\nColores disponibles:<br \/>\nRosado<br \/>\nAzul (AGOTADO)<\/p>\n<p>&#8212;- PRACTICUNA PARA BEB\u00c9<\/p>\n<p>\u2022 Medidas: 1.20 largo x 0.78 (alto x 0.78 prof.<br \/>\n\u2022 Colores: Rosado | Celeste<br \/>\n\u2022 Plegable, con tul mosquitero<br \/>\n\u2022 Incluye bolso para f\u00e1cil traslado<br \/>\n\u2022 Malla en los 4 lados<br \/>\n\u2022 Con ruedas<br \/>\n\u2022 Doble piso<\/p>\n<p>\u2022 Doble Altura<br \/>\n\u2022 No incluye cambiador<\/p>\n","protected":false},"excerpt":{"rendered":"<p>CUNA COLECHO BEBE CON LATERAL REMOVIBLE + PRACTICUNA PARA BEBE Incluye: 1 Cuna Colecho + 1 Practicuna &#8212;- CUNA COLECHO BEBE Con lateral removible para unir a la cama del<\/p>\n","protected":false},"featured_media":17125,"comment_status":"open","ping_status":"closed","template":"","meta":{"_acf_changed":false,"_joinchat":[]},"product_cat":[289],"product_tag":[],"class_list":{"0":"post-6159","1":"product","2":"type-product","3":"status-publish","4":"has-post-thumbnail","6":"product_cat-articulos-para-ninos","8":"first","9":"outofstock","10":"taxable","11":"shipping-taxable","12":"product-type-variable","13":"has-default-attributes"},"acf":[],"aioseo_notices":[],"jetpack_sharing_enabled":true,"_links":{"self":[{"href":"https:\/\/www.lgamoblamientos.com\/nv\/wp-json\/wp\/v2\/product\/6159","targetHints":{"allow":["GET"]}}],"collection":[{"href":"https:\/\/www.lgamoblamientos.com\/nv\/wp-json\/wp\/v2\/product"}],"about":[{"href":"https:\/\/www.lgamoblamientos.com\/nv\/wp-json\/wp\/v2\/types\/product"}],"replies":[{"embeddable":true,"href":"https:\/\/www.lgamoblamientos.com\/nv\/wp-json\/wp\/v2\/comments?post=6159"}],"wp:featuredmedia":[{"embeddable":true,"href":"https:\/\/www.lgamoblamientos.com\/nv\/wp-json\/wp\/v2\/media\/17125"}],"wp:attachment":[{"href":"https:\/\/www.lgamoblamientos.com\/nv\/wp-json\/wp\/v2\/media?parent=6159"}],"wp:term":[{"taxonomy":"product_cat","embeddable":true,"href":"https:\/\/www.lgamoblamientos.com\/nv\/wp-json\/wp\/v2\/product_cat?post=6159"},{"taxonomy":"product_tag","embeddable":true,"href":"https:\/\/www.lgamoblamientos.com\/nv\/wp-json\/wp\/v2\/product_tag?post=6159"}],"curies":[{"name":"wp","href":"https:\/\/api.w.org\/{rel}","templated":true}]}}