{"id":6162,"date":"2019-11-29T00:35:21","date_gmt":"2019-11-29T03:35:21","guid":{"rendered":"http:\/\/www.lgamoblamientos.com\/nv\/product\/cuna-colecho-bebe-cama-silla-de-comer-bebe-plegable\/"},"modified":"2022-08-04T14:27:20","modified_gmt":"2022-08-04T17:27:20","slug":"cuna-colecho-bebe-cama-silla-de-comer-bebe-plegable","status":"publish","type":"product","link":"https:\/\/www.lgamoblamientos.com\/nv\/product\/cuna-colecho-bebe-cama-silla-de-comer-bebe-plegable\/","title":{"rendered":"Cuna Colecho Beb\u00e9 Cama + Silla De Comer Bebe Plegable"},"content":{"rendered":"<p>CUNA COLECHO BEBE CON LATERAL REMOVIBLE + SILLA DE COMER<\/p>\n<p>Incluye: 1 Cuna Colecho + 1 Silla de Comer<\/p>\n<p>&#8212;- CUNA COLECHO BEBE<\/p>\n<p>Con lateral removible para unir a la cama del adulto.<br \/>\nMedidas: Alt: 1,00m \/ Lar: 1,00m \/ Prof: 0,53cm<br \/>\n&#8211; Facilita la lactancia nocturna.<br \/>\n&#8211; Puede utilizarse como cuna colecho o como mois\u00e9s en forma independiente<br \/>\n&#8211; Mejora la calidad del sue\u00f1o del beb\u00e9 y de los pap\u00e1s.<br \/>\n&#8211; Permite tranquilizar r\u00e1pidamente al beb\u00e9 por las noches.<br \/>\n&#8211; Indicada para camas de adultos de diferentes tipos, pero de lados rectos y alineados<br \/>\nColores disponibles:<br \/>\nRosado<br \/>\nAzul<\/p>\n<p>&#8212;- SILLA PARA COMER DE BEB\u00c9 MULTIFUNCI\u00d3N<\/p>\n<p>\u2022Colores disponibles:<br \/>\nRosa con blanco estampado<br \/>\nAzul con blanco estampado<br \/>\n\u2022 Plegable<br \/>\n\u2022 Con cintur\u00f3n de seguridad<br \/>\n\u2022 Gran bandeja<\/p>\n","protected":false},"excerpt":{"rendered":"<p>CUNA COLECHO BEBE CON LATERAL REMOVIBLE + SILLA DE COMER Incluye: 1 Cuna Colecho + 1 Silla de Comer &#8212;- CUNA COLECHO BEBE Con lateral removible para unir a la<\/p>\n","protected":false},"featured_media":17111,"comment_status":"open","ping_status":"closed","template":"","meta":{"_acf_changed":false,"_joinchat":[]},"product_cat":[289,309],"product_tag":[],"class_list":{"0":"post-6162","1":"product","2":"type-product","3":"status-publish","4":"has-post-thumbnail","6":"product_cat-articulos-para-ninos","7":"product_cat-accesorios-de-bebe","9":"first","10":"outofstock","11":"taxable","12":"shipping-taxable","13":"product-type-variable","14":"has-default-attributes"},"acf":[],"aioseo_notices":[],"jetpack_sharing_enabled":true,"_links":{"self":[{"href":"https:\/\/www.lgamoblamientos.com\/nv\/wp-json\/wp\/v2\/product\/6162","targetHints":{"allow":["GET"]}}],"collection":[{"href":"https:\/\/www.lgamoblamientos.com\/nv\/wp-json\/wp\/v2\/product"}],"about":[{"href":"https:\/\/www.lgamoblamientos.com\/nv\/wp-json\/wp\/v2\/types\/product"}],"replies":[{"embeddable":true,"href":"https:\/\/www.lgamoblamientos.com\/nv\/wp-json\/wp\/v2\/comments?post=6162"}],"wp:featuredmedia":[{"embeddable":true,"href":"https:\/\/www.lgamoblamientos.com\/nv\/wp-json\/wp\/v2\/media\/17111"}],"wp:attachment":[{"href":"https:\/\/www.lgamoblamientos.com\/nv\/wp-json\/wp\/v2\/media?parent=6162"}],"wp:term":[{"taxonomy":"product_cat","embeddable":true,"href":"https:\/\/www.lgamoblamientos.com\/nv\/wp-json\/wp\/v2\/product_cat?post=6162"},{"taxonomy":"product_tag","embeddable":true,"href":"https:\/\/www.lgamoblamientos.com\/nv\/wp-json\/wp\/v2\/product_tag?post=6162"}],"curies":[{"name":"wp","href":"https:\/\/api.w.org\/{rel}","templated":true}]}}