{"id":6175,"date":"2019-11-29T00:35:35","date_gmt":"2019-11-29T03:35:35","guid":{"rendered":"http:\/\/www.lgamoblamientos.com\/nv\/product\/alfombra-gimnasio-musical-de-juegos-bebe-3-en-1-lg\/"},"modified":"2021-09-28T13:45:04","modified_gmt":"2021-09-28T16:45:04","slug":"alfombra-gimnasio-musical-de-juegos-bebe-3-en-1-lg","status":"publish","type":"product","link":"https:\/\/www.lgamoblamientos.com\/nv\/product\/alfombra-gimnasio-musical-de-juegos-bebe-3-en-1-lg\/","title":{"rendered":"Alfombra Gimnasio Musical De Juegos Bebe 3 En 1"},"content":{"rendered":"<p>ALFOMBRA GIMNASIO MUSICAL<\/p>\n<p>Alfombra 3 en 1, combina piano de juguete y gimnasio en uno<br \/>\nIncluye una alfombra para jugar, un piano de juguete, 4 juguetes para colgar y un espejo de pl\u00e1stico. Puede ayudar a construir las habilidades cognitivas, sentido del \u00f3rgano y visual del beb\u00e9.<br \/>\nAdecuado para beb\u00e9s de 0 a 36 meses.<br \/>\nEstera gruesa: alfombrilla acolchada para jugar con espalda impermeable, suave y transpirable, se puede quitar para usarlo solo, perfecto para que el beb\u00e9 se arrastre.<br \/>\nTocar el Piano gimnasio: los beb\u00e9s pueden hacer ejercicios de estiramiento con las teclas de piano para mejorar la flexibilidad y las habilidades motoras. Los sonidos de m\u00fasica ayudan a desarrollar el sentido de las habilidades auditivas de tu beb\u00e9. Y se puede usar solo.<br \/>\nJuguetes y espejos de actividades: colores brillantes y dise\u00f1o bonito, ayuda a construir el \u00f3rgano cognitivo y sentido del beb\u00e9, visual y habilidades<br \/>\nMaterial seguro: Todo el juguete est\u00e1 hecho de material seguro, no t\u00f3xico, no da\u00f1a a tu beb\u00e9.<br \/>\nPort\u00e1til: La alfombra de juego se puede doblar y el estante se puede desmontar en piezas, f\u00e1cil de llevar a cualquier lugar.<\/p>\n<p>Material: pl\u00e1stico<br \/>\nBater\u00eda: 3 pilas AA (no incluidas)<br \/>\nTama\u00f1o del art\u00edculo: 74 cm x 58 cm x 42 cm<\/p>\n","protected":false},"excerpt":{"rendered":"<p>ALFOMBRA GIMNASIO MUSICAL Alfombra 3 en 1, combina piano de juguete y gimnasio en uno Incluye una alfombra para jugar, un piano de juguete, 4 juguetes para colgar y un<\/p>\n","protected":false},"featured_media":17085,"comment_status":"open","ping_status":"closed","template":"","meta":{"_acf_changed":false,"_joinchat":[]},"product_cat":[289,305],"product_tag":[],"class_list":{"0":"post-6175","1":"product","2":"type-product","3":"status-publish","4":"has-post-thumbnail","6":"product_cat-articulos-para-ninos","7":"product_cat-juguetes-y-centro-de-juegos","9":"first","10":"outofstock","11":"taxable","12":"shipping-taxable","13":"purchasable","14":"product-type-simple"},"acf":[],"aioseo_notices":[],"jetpack_sharing_enabled":true,"_links":{"self":[{"href":"https:\/\/www.lgamoblamientos.com\/nv\/wp-json\/wp\/v2\/product\/6175","targetHints":{"allow":["GET"]}}],"collection":[{"href":"https:\/\/www.lgamoblamientos.com\/nv\/wp-json\/wp\/v2\/product"}],"about":[{"href":"https:\/\/www.lgamoblamientos.com\/nv\/wp-json\/wp\/v2\/types\/product"}],"replies":[{"embeddable":true,"href":"https:\/\/www.lgamoblamientos.com\/nv\/wp-json\/wp\/v2\/comments?post=6175"}],"wp:featuredmedia":[{"embeddable":true,"href":"https:\/\/www.lgamoblamientos.com\/nv\/wp-json\/wp\/v2\/media\/17085"}],"wp:attachment":[{"href":"https:\/\/www.lgamoblamientos.com\/nv\/wp-json\/wp\/v2\/media?parent=6175"}],"wp:term":[{"taxonomy":"product_cat","embeddable":true,"href":"https:\/\/www.lgamoblamientos.com\/nv\/wp-json\/wp\/v2\/product_cat?post=6175"},{"taxonomy":"product_tag","embeddable":true,"href":"https:\/\/www.lgamoblamientos.com\/nv\/wp-json\/wp\/v2\/product_tag?post=6175"}],"curies":[{"name":"wp","href":"https:\/\/api.w.org\/{rel}","templated":true}]}}