{"id":6181,"date":"2019-11-29T00:35:38","date_gmt":"2019-11-29T03:35:38","guid":{"rendered":"http:\/\/www.lgamoblamientos.com\/nv\/product\/rueda-de-ejercicio-para-abdominales-alfombra\/"},"modified":"2026-02-14T19:35:55","modified_gmt":"2026-02-14T22:35:55","slug":"rueda-de-ejercicio-para-abdominales-alfombra","status":"publish","type":"product","link":"https:\/\/www.lgamoblamientos.com\/nv\/product\/rueda-de-ejercicio-para-abdominales-alfombra\/","title":{"rendered":"Rueda De Ejercicio Para Abdominales"},"content":{"rendered":"<p>RUEDA DE EJERCICIO PARA ABDOMINALES<\/p>\n<p>El ejercicio con ruedas es la forma m\u00e1s eficaz para entrenamiento de abdominales, oblicuos superiores, medios e inferiores. Gracias al movimiento que realizamos con la rueda tambi\u00e9n se trabajan piernas, brazos y caderas.<\/p>\n<p>Las ruedas abdominales o AB Wheel suponen una revoluci\u00f3n en los ejercicios de abdominales por que activa por completo todo el conjunto abdominal, pero esta grandiosa herramienta no solo sirve para hacer abdominales, ademas trabaja la parte baja de la lumbar para dar una curvatura correcta a la espalda. Esto nos permite mejorar la postura y fortalecer los m\u00fasculos lumbares y del cuello y algo muy importante, evitar desequilibrios musculares en nuestro abdomen.<br \/>\n* Troncales: Es toda la parte inferior del torso<br \/>\n* Flexores: El dorsal ancho y todo lo que son los flexores de la cadera se trabajan con el ab wheel<br \/>\n* Muslos, hombros y brazos: Los hombros y brazos siguen trabajando en cada ejercicio del ab wheel. En el caso de los muslos, var\u00edan en cada ejercicio y la posici\u00f3n al hacer ejercicios de abdominales. Pero todos estos m\u00fasculos, a pesar de que es una rueda abdominal, siguen ejercit\u00e1ndose a trav\u00e9s de cada ejercicio.<\/p>\n<p>Incluido en la caja: 2 Ruedas, 2 Mangos, 1 Tubo met\u00e1lico<br \/>\nMedidas del Articulo: Di\u00e1metro 17 cm \/Largo del Tubo met\u00e1lico 24 cm \/ Ancho de las 2 Ruedas juntas 5 cm \/ Di\u00e1metro del pu\u00f1o 3.5 cm<\/p>\n","protected":false},"excerpt":{"rendered":"<p>RUEDA DE EJERCICIO PARA ABDOMINALES El ejercicio con ruedas es la forma m\u00e1s eficaz para entrenamiento de abdominales, oblicuos superiores, medios e inferiores. Gracias al movimiento que realizamos con la<\/p>\n","protected":false},"featured_media":21217,"comment_status":"open","ping_status":"closed","template":"","meta":{"_acf_changed":false,"_joinchat":[]},"product_cat":[884,87],"product_tag":[1219],"class_list":{"0":"post-6181","1":"product","2":"type-product","3":"status-publish","4":"has-post-thumbnail","6":"product_cat-articulos-deportivos","7":"product_cat-fitness","8":"product_tag-cyber-fest-26","9":"product_shipping_class-flex","11":"first","12":"instock","13":"sale","14":"taxable","15":"shipping-taxable","16":"purchasable","17":"product-type-simple"},"acf":[],"aioseo_notices":[],"jetpack_sharing_enabled":true,"_links":{"self":[{"href":"https:\/\/www.lgamoblamientos.com\/nv\/wp-json\/wp\/v2\/product\/6181","targetHints":{"allow":["GET"]}}],"collection":[{"href":"https:\/\/www.lgamoblamientos.com\/nv\/wp-json\/wp\/v2\/product"}],"about":[{"href":"https:\/\/www.lgamoblamientos.com\/nv\/wp-json\/wp\/v2\/types\/product"}],"replies":[{"embeddable":true,"href":"https:\/\/www.lgamoblamientos.com\/nv\/wp-json\/wp\/v2\/comments?post=6181"}],"wp:featuredmedia":[{"embeddable":true,"href":"https:\/\/www.lgamoblamientos.com\/nv\/wp-json\/wp\/v2\/media\/21217"}],"wp:attachment":[{"href":"https:\/\/www.lgamoblamientos.com\/nv\/wp-json\/wp\/v2\/media?parent=6181"}],"wp:term":[{"taxonomy":"product_cat","embeddable":true,"href":"https:\/\/www.lgamoblamientos.com\/nv\/wp-json\/wp\/v2\/product_cat?post=6181"},{"taxonomy":"product_tag","embeddable":true,"href":"https:\/\/www.lgamoblamientos.com\/nv\/wp-json\/wp\/v2\/product_tag?post=6181"}],"curies":[{"name":"wp","href":"https:\/\/api.w.org\/{rel}","templated":true}]}}