{"id":6186,"date":"2019-11-29T00:35:40","date_gmt":"2019-11-29T03:35:40","guid":{"rendered":"http:\/\/www.lgamoblamientos.com\/nv\/product\/centro-de-entretenimiento-silla-2-en-1-juguetes-musica\/"},"modified":"2021-07-29T11:15:17","modified_gmt":"2021-07-29T14:15:17","slug":"centro-de-entretenimiento-silla-2-en-1-juguetes-musica","status":"publish","type":"product","link":"https:\/\/www.lgamoblamientos.com\/nv\/product\/centro-de-entretenimiento-silla-2-en-1-juguetes-musica\/","title":{"rendered":"Centro De Entretenimiento Silla 2 En 1 + Juguetes + Musica"},"content":{"rendered":"<p>CENTRO DE ENTRETENIMIENTOS<\/p>\n<p>\u00bf Esta mesa de actividades de tres etapas ajusta la placa de soporte de las piernas para apoyar todo el cuerpo del beb\u00e9, protegiendo el desarrollo de las piernas del beb\u00e9 y evitando las patas en O.<br \/>\n\u00bf El Asiento puede girar 360 \u00b0 y rebotar.<br \/>\nEl teclado de sonido y luz y los 5 accesorios de juguete multifuncionales promueven los diversos desarrollos sensoriales del beb\u00e9.<br \/>\n\u00bf A medida que su beb\u00e9 crece, nuestra mesa de actividades puede transformarse en una mesa de juego y una mesa de aprendizaje<\/p>\n<p>Edad Aplicable: Beb\u00e9 (0-2 A\u00f1os) Centro de Juegos, Ni\u00f1os (3-6 A\u00f1os) Mesa Multifuncion<br \/>\nBater\u00edas: se requieren 3 pilas AA, no incluidas<\/p>\n<p>Este c\u00f3modo centro de entretenci\u00f3n permite a los beb\u00e9s saltar en un ambiente seguro. El asiento est\u00e1 suspendido por resortes que permiten a los ni\u00f1os saltar arriba y abajo y ofrece un recorrido limitado de izquierda a derecha y de adelante hacia atr\u00e1s. El asiento se puede ajustar en altura mediante tres correas de posici\u00f3n. Este Jumperoo incorpora luces y sonidos que ayudan a entretener al beb\u00e9 y los recompensa por su salto.<\/p>\n","protected":false},"excerpt":{"rendered":"<p>CENTRO DE ENTRETENIMIENTOS \u00bf Esta mesa de actividades de tres etapas ajusta la placa de soporte de las piernas para apoyar todo el cuerpo del beb\u00e9, protegiendo el desarrollo de<\/p>\n","protected":false},"featured_media":9001,"comment_status":"open","ping_status":"closed","template":"","meta":{"_acf_changed":false,"_joinchat":[]},"product_cat":[289,305],"product_tag":[],"class_list":{"0":"post-6186","1":"product","2":"type-product","3":"status-publish","4":"has-post-thumbnail","6":"product_cat-articulos-para-ninos","7":"product_cat-juguetes-y-centro-de-juegos","9":"first","10":"outofstock","11":"taxable","12":"shipping-taxable","13":"purchasable","14":"product-type-simple"},"acf":[],"aioseo_notices":[],"jetpack_sharing_enabled":true,"_links":{"self":[{"href":"https:\/\/www.lgamoblamientos.com\/nv\/wp-json\/wp\/v2\/product\/6186","targetHints":{"allow":["GET"]}}],"collection":[{"href":"https:\/\/www.lgamoblamientos.com\/nv\/wp-json\/wp\/v2\/product"}],"about":[{"href":"https:\/\/www.lgamoblamientos.com\/nv\/wp-json\/wp\/v2\/types\/product"}],"replies":[{"embeddable":true,"href":"https:\/\/www.lgamoblamientos.com\/nv\/wp-json\/wp\/v2\/comments?post=6186"}],"wp:featuredmedia":[{"embeddable":true,"href":"https:\/\/www.lgamoblamientos.com\/nv\/wp-json\/wp\/v2\/media\/9001"}],"wp:attachment":[{"href":"https:\/\/www.lgamoblamientos.com\/nv\/wp-json\/wp\/v2\/media?parent=6186"}],"wp:term":[{"taxonomy":"product_cat","embeddable":true,"href":"https:\/\/www.lgamoblamientos.com\/nv\/wp-json\/wp\/v2\/product_cat?post=6186"},{"taxonomy":"product_tag","embeddable":true,"href":"https:\/\/www.lgamoblamientos.com\/nv\/wp-json\/wp\/v2\/product_tag?post=6186"}],"curies":[{"name":"wp","href":"https:\/\/api.w.org\/{rel}","templated":true}]}}