{"id":6216,"date":"2019-11-29T00:36:09","date_gmt":"2019-11-29T03:36:09","guid":{"rendered":"http:\/\/www.lgamoblamientos.com\/nv\/product\/valija-rigida-grande-28-resistente-diseno-4-ruedas\/"},"modified":"2026-04-17T23:19:06","modified_gmt":"2026-04-18T02:19:06","slug":"valija-rigida-grande-28-resistente-diseno-4-ruedas","status":"publish","type":"product","link":"https:\/\/www.lgamoblamientos.com\/nv\/product\/valija-rigida-grande-28-resistente-diseno-4-ruedas\/","title":{"rendered":"Valija R\u00edgida Grande 28 Resistente Dise\u00f1o 4 Ruedas"},"content":{"rendered":"<p>VALIJA CON DISE\u00d1O DE 28<\/p>\n<p>&#8212;- VALIJA<\/p>\n<p>MEDIDAS:<br \/>\nTama\u00f1o 28<br \/>\n\u2022 Grande: Alto 76 cm \/ Largo 49 cm \/ Prof. 32 cm<\/p>\n<p>COLOR: Negro | Dorado | Wine Red | Verde Oscuro | Rojo | Azul<\/p>\n<p>\u2022 Super livianas. Peso de 1 valija: 3,7 Kilos<br \/>\n\u2022 El peso m\u00e1ximo de carga est\u00e1 determinado por la aerol\u00ednea.<\/p>\n<p>Impermeable y de alta resistencia a los golpes (material ABS).<br \/>\nCompartimiento interior separado con tela con cierre y cintur\u00f3n de ajuste para la ropa.<br \/>\nTranca num\u00e9rica.<br \/>\nManija telesc\u00f3pica.<\/p>\n<p>&nbsp;<\/p>\n","protected":false},"excerpt":{"rendered":"[embed]https:\/\/www.youtube.com\/shorts\/eTRI_oY1TIk[\/embed]\n","protected":false},"featured_media":47349,"comment_status":"open","ping_status":"closed","template":"","meta":{"_acf_changed":false,"_joinchat":[]},"product_cat":[59],"product_tag":[1219],"class_list":{"0":"post-6216","1":"product","2":"type-product","3":"status-publish","4":"has-post-thumbnail","6":"product_cat-valijas","7":"product_tag-cyber-fest-26","8":"product_shipping_class-flex","10":"first","11":"instock","12":"sale","13":"taxable","14":"shipping-taxable","15":"purchasable","16":"product-type-variable"},"acf":[],"aioseo_notices":[],"jetpack_sharing_enabled":true,"_links":{"self":[{"href":"https:\/\/www.lgamoblamientos.com\/nv\/wp-json\/wp\/v2\/product\/6216","targetHints":{"allow":["GET"]}}],"collection":[{"href":"https:\/\/www.lgamoblamientos.com\/nv\/wp-json\/wp\/v2\/product"}],"about":[{"href":"https:\/\/www.lgamoblamientos.com\/nv\/wp-json\/wp\/v2\/types\/product"}],"replies":[{"embeddable":true,"href":"https:\/\/www.lgamoblamientos.com\/nv\/wp-json\/wp\/v2\/comments?post=6216"}],"wp:featuredmedia":[{"embeddable":true,"href":"https:\/\/www.lgamoblamientos.com\/nv\/wp-json\/wp\/v2\/media\/47349"}],"wp:attachment":[{"href":"https:\/\/www.lgamoblamientos.com\/nv\/wp-json\/wp\/v2\/media?parent=6216"}],"wp:term":[{"taxonomy":"product_cat","embeddable":true,"href":"https:\/\/www.lgamoblamientos.com\/nv\/wp-json\/wp\/v2\/product_cat?post=6216"},{"taxonomy":"product_tag","embeddable":true,"href":"https:\/\/www.lgamoblamientos.com\/nv\/wp-json\/wp\/v2\/product_tag?post=6216"}],"curies":[{"name":"wp","href":"https:\/\/api.w.org\/{rel}","templated":true}]}}