{"id":6268,"date":"2019-11-29T00:36:50","date_gmt":"2019-11-29T03:36:50","guid":{"rendered":"http:\/\/www.lgamoblamientos.com\/nv\/product\/isla-de-cocina-mesada-desayunador-madera-2-butacas-eco-cuero\/"},"modified":"2023-09-18T08:36:37","modified_gmt":"2023-09-18T11:36:37","slug":"isla-de-cocina-mesada-desayunador-madera-2-butacas-eco-cuero","status":"publish","type":"product","link":"https:\/\/www.lgamoblamientos.com\/nv\/product\/isla-de-cocina-mesada-desayunador-madera-2-butacas-eco-cuero\/","title":{"rendered":"Isla De Cocina Mesada Desayunador Madera+ 2 Butacas Eco Cuero"},"content":{"rendered":"<p>ISLA COCINA MESADA DESAYUNADOR<\/p>\n<p>Incluye: 1 Isla Mesada + 2 Butacas<\/p>\n<p>&#8212;- ISLA COCINA MESADA<\/p>\n<p>Colores Disponibles:<br \/>\nBlanco | Roble | Negro<\/p>\n<p>Para transformar su cocina en un ambiente elegante, sofisticado y organizado, nada mejor que decorarla con muebles de lujo.<br \/>\nTiene un dise\u00f1o moderno e innovador, as\u00ed como 4 estantes y 1 puerta, una excelente opci\u00f3n para su cocina<\/p>\n<p>1 Puerta, mas de 4 estantes<\/p>\n<p>Medidas (AxLxP): 93 x 140 x 50 cm.<\/p>\n<p>&#8212;- 2 BUTACAS ECO CUERO BASE MET\u00c1LICA<\/p>\n<p>\u2022 Medidas:<br \/>\nAltura m\u00ednima 0.68 m<br \/>\nAltura m\u00e1xima 0.85 m<br \/>\nLargo 0.38 m<br \/>\nProfundidad 0.38<\/p>\n<p>\u2022 Colores disponibles: NEGRO-BLANCO-ROJO<br \/>\n\u2022 Diferentes niveles de altura<br \/>\n\u2022 Base met\u00e1lica<br \/>\n\u2022 Apoya pies<\/p>\n","protected":false},"excerpt":{"rendered":"<p>ISLA COCINA MESADA DESAYUNADOR Incluye: 1 Isla Mesada + 2 Butacas &#8212;- ISLA COCINA MESADA Colores Disponibles: Blanco | Roble | Negro Para transformar su cocina en un ambiente elegante,<\/p>\n","protected":false},"featured_media":16894,"comment_status":"open","ping_status":"closed","template":"","meta":{"_acf_changed":false,"_joinchat":[]},"product_cat":[1000,315,37,44],"product_tag":[],"class_list":{"0":"post-6268","1":"product","2":"type-product","3":"status-publish","4":"has-post-thumbnail","6":"product_cat-comedor-living","7":"product_cat-taburetes-y-banquetas","8":"product_cat-comedores-sillas","9":"product_cat-bar-desayunadores","11":"first","12":"outofstock","13":"taxable","14":"shipping-taxable","15":"product-type-variable","16":"has-default-attributes"},"acf":[],"aioseo_notices":[],"jetpack_sharing_enabled":true,"_links":{"self":[{"href":"https:\/\/www.lgamoblamientos.com\/nv\/wp-json\/wp\/v2\/product\/6268","targetHints":{"allow":["GET"]}}],"collection":[{"href":"https:\/\/www.lgamoblamientos.com\/nv\/wp-json\/wp\/v2\/product"}],"about":[{"href":"https:\/\/www.lgamoblamientos.com\/nv\/wp-json\/wp\/v2\/types\/product"}],"replies":[{"embeddable":true,"href":"https:\/\/www.lgamoblamientos.com\/nv\/wp-json\/wp\/v2\/comments?post=6268"}],"wp:featuredmedia":[{"embeddable":true,"href":"https:\/\/www.lgamoblamientos.com\/nv\/wp-json\/wp\/v2\/media\/16894"}],"wp:attachment":[{"href":"https:\/\/www.lgamoblamientos.com\/nv\/wp-json\/wp\/v2\/media?parent=6268"}],"wp:term":[{"taxonomy":"product_cat","embeddable":true,"href":"https:\/\/www.lgamoblamientos.com\/nv\/wp-json\/wp\/v2\/product_cat?post=6268"},{"taxonomy":"product_tag","embeddable":true,"href":"https:\/\/www.lgamoblamientos.com\/nv\/wp-json\/wp\/v2\/product_tag?post=6268"}],"curies":[{"name":"wp","href":"https:\/\/api.w.org\/{rel}","templated":true}]}}