{"id":6307,"date":"2019-11-29T00:37:30","date_gmt":"2019-11-29T03:37:30","guid":{"rendered":"http:\/\/www.lgamoblamientos.com\/nv\/product\/piscina-14970-lts-estructural-bestway-bomba-filtro-escalera-cobertor-lona\/"},"modified":"2025-12-20T21:41:11","modified_gmt":"2025-12-21T00:41:11","slug":"piscina-14970-lts-estructural-bestway-bomba-filtro-escalera-cobertor-lona","status":"publish","type":"product","link":"https:\/\/www.lgamoblamientos.com\/nv\/product\/piscina-14970-lts-estructural-bestway-bomba-filtro-escalera-cobertor-lona\/","title":{"rendered":"Piscina 14970 Lts Estructural Bestway + Bomba + Filtro + Escalera + Cobertor"},"content":{"rendered":"<p>PISCINA ESTRUCTURAL 14970 LTS BESTWAY<\/p>\n<p>Medidas: 4.57 m.de di\u00e1metro x 1.07 m. de altura<\/p>\n<p>Incluye:<br \/>\n&#8211; Escalera<br \/>\n&#8211; Parche de reparaci\u00f3n<br \/>\n&#8211; Cobertor<br \/>\n&#8211; Bomba<br \/>\n&#8211; Filtro<\/p>\n<p>Modelo Steel Pro MAX<\/p>\n<p>&#8211; Instalaci\u00f3n sencilla<br \/>\n&#8211; Estructura met\u00e1lica resistente a la corrosi\u00f3n<br \/>\n&#8211; Piscina equipada con Seal &amp; Lock System \u2122 para una caja fuerte y conexi\u00f3n de tuber\u00eda segura<br \/>\n&#8211; Forro interior de mosaico impreso en los laterales y el fondo de la piscina<br \/>\n&#8211; Paredes laterales de 3 capas de PVC y poli\u00e9ster reforzadas<br \/>\n&#8211; Banda de 3 capas que brinda soporte de pared adicional<br \/>\n&#8211; La v\u00e1lvula de drenaje de control de flujo incorporada lo hace f\u00e1cil para drenar conectando la v\u00e1lvula a una manguera de jard\u00edn (con el adaptador incluido) para drenar el agua<br \/>\n&#8211; Las paredes laterales extra fuertes de esta piscina est\u00e1n construidas con Tritech un material reforzado de 3 capas con un n\u00facleo de malla de poli\u00e9ster encajonado entre dos capas de material de PVC de alto calibre.<br \/>\nEsto crea un grosor total de 0,40-0,80 mm (calibre 16-32) seg\u00fan el tama\u00f1o de la piscina, ofreciendo resistencia y durabilidad superiores.<br \/>\nIncluye un grupo, bomba de filtro (220-240V &#8211; tasa de flujo de agua de bomba 3028 L, tasa de flujo de agua del sistema de piscina integrado 2195<br \/>\ncompatible con cartucho (II) 220-240 V<br \/>\nLa instalaci\u00f3n generalmente dura aproximadamente 20 minutos con 2-3 personas<\/p>\n<p>Steel Pro Max<br \/>\nLlev\u00e1 m\u00e1s calidad al mismo precio! Los nuevos modelos 2019 traen estructura ahora en color negro, para diferenciar su mayor tecnolog\u00eda de mayor resistencia y calidad.<\/p>\n<p>&nbsp;<\/p>\n<p>IMPORTANTE: Los art\u00edculos inflables y piscinas no tienen cambio ni devoluci\u00f3n.<br \/>\nCuentan con un plazo de 48 horas contra desperfectos de f\u00e1brica, que deber\u00e1n ser aprobados por el fabricante.<\/p>\n","protected":false},"excerpt":{"rendered":"<p>Medidas: 4.57 m.de di\u00e1metro x 1.07 m. de altura<\/p>\n<p>Modelo Steel Pro MAX<\/p>\n<p>Incluye:<br \/>\n&#8211; Escalera<br \/>\n&#8211; Parche de reparaci\u00f3n<br \/>\n&#8211; Cobertor<br \/>\n&#8211; Bomba<br \/>\n&#8211; Filtro<\/p>\n","protected":false},"featured_media":20810,"comment_status":"open","ping_status":"closed","template":"","meta":{"_acf_changed":false,"_joinchat":[]},"product_cat":[109],"product_tag":[],"class_list":{"0":"post-6307","1":"product","2":"type-product","3":"status-publish","4":"has-post-thumbnail","6":"product_cat-piscinas","8":"first","9":"outofstock","10":"sale","11":"taxable","12":"shipping-taxable","13":"purchasable","14":"product-type-simple"},"acf":[],"aioseo_notices":[],"jetpack_sharing_enabled":true,"_links":{"self":[{"href":"https:\/\/www.lgamoblamientos.com\/nv\/wp-json\/wp\/v2\/product\/6307","targetHints":{"allow":["GET"]}}],"collection":[{"href":"https:\/\/www.lgamoblamientos.com\/nv\/wp-json\/wp\/v2\/product"}],"about":[{"href":"https:\/\/www.lgamoblamientos.com\/nv\/wp-json\/wp\/v2\/types\/product"}],"replies":[{"embeddable":true,"href":"https:\/\/www.lgamoblamientos.com\/nv\/wp-json\/wp\/v2\/comments?post=6307"}],"wp:featuredmedia":[{"embeddable":true,"href":"https:\/\/www.lgamoblamientos.com\/nv\/wp-json\/wp\/v2\/media\/20810"}],"wp:attachment":[{"href":"https:\/\/www.lgamoblamientos.com\/nv\/wp-json\/wp\/v2\/media?parent=6307"}],"wp:term":[{"taxonomy":"product_cat","embeddable":true,"href":"https:\/\/www.lgamoblamientos.com\/nv\/wp-json\/wp\/v2\/product_cat?post=6307"},{"taxonomy":"product_tag","embeddable":true,"href":"https:\/\/www.lgamoblamientos.com\/nv\/wp-json\/wp\/v2\/product_tag?post=6307"}],"curies":[{"name":"wp","href":"https:\/\/api.w.org\/{rel}","templated":true}]}}