{"id":6316,"date":"2019-11-29T00:37:46","date_gmt":"2019-11-29T03:37:46","guid":{"rendered":"http:\/\/www.lgamoblamientos.com\/nv\/product\/bomba-de-filtrado-para-piscina-hasta-31700-lts-bestway\/"},"modified":"2026-01-30T23:33:10","modified_gmt":"2026-01-31T02:33:10","slug":"bomba-de-filtrado-para-piscina-hasta-31700-lts-bestway","status":"publish","type":"product","link":"https:\/\/www.lgamoblamientos.com\/nv\/product\/bomba-de-filtrado-para-piscina-hasta-31700-lts-bestway\/","title":{"rendered":"Bomba De Filtrado Para Piscina Hasta 31700 Lts Bestway"},"content":{"rendered":"<p>BOMBA DE FILTRADO BESTWAY<\/p>\n<p>INCLUYE<br \/>\nBomba Filtrante<br \/>\nCartucho III<br \/>\nManguera<br \/>\nAdaptadores<\/p>\n<p>Lleva cartucho de filtro III<br \/>\nCon un caudal de 5.678 l\/h<br \/>\nCompatibilidad con piscinas: 1.100-31.700 L<br \/>\nVoltaje: 220-240V-50HZ<br \/>\nPeso: 5.8 kg<br \/>\nConexiones de 38 m de abrazadera<br \/>\nMaterial de alta calidad<\/p>\n<p>Las depuradoras de cartucho Bestway son la mejor opci\u00f3n para filtrar el agua en piscinas desmontables de tama\u00f1o peque\u00f1o.<\/p>\n<p>Las ventajas que ofrecen son, por un lado su precio y por otro lado, su tama\u00f1o; que es bastante m\u00e1s peque\u00f1o por lo que su almacenamiento fuera de temporada es m\u00e1s sencillo y pr\u00e1ctico.<\/p>\n<p>Los filtros de cartucho de papel son reutilizables un par de veces m\u00e1s, lav\u00e1ndolos \u00fanicamente con agua a presi\u00f3n.<\/p>\n","protected":false},"excerpt":{"rendered":"<p>BOMBA DE FILTRADO BESTWAY INCLUYE Bomba Filtrante Cartucho III Manguera Adaptadores Lleva cartucho de filtro III Con un caudal de 5.678 l\/h Compatibilidad con piscinas: 1.100-31.700 L Voltaje: 220-240V-50HZ Peso:<\/p>\n","protected":false},"featured_media":9981,"comment_status":"open","ping_status":"closed","template":"","meta":{"_acf_changed":false,"_joinchat":[]},"product_cat":[290,95],"product_tag":[1219],"class_list":{"0":"post-6316","1":"product","2":"type-product","3":"status-publish","4":"has-post-thumbnail","6":"product_cat-jardin-exterior","7":"product_cat-accesorios-de-piscina","8":"product_tag-cyber-fest-26","9":"product_shipping_class-flex","11":"first","12":"outofstock","13":"sale","14":"taxable","15":"shipping-taxable","16":"purchasable","17":"product-type-simple"},"acf":[],"aioseo_notices":[],"jetpack_sharing_enabled":true,"_links":{"self":[{"href":"https:\/\/www.lgamoblamientos.com\/nv\/wp-json\/wp\/v2\/product\/6316","targetHints":{"allow":["GET"]}}],"collection":[{"href":"https:\/\/www.lgamoblamientos.com\/nv\/wp-json\/wp\/v2\/product"}],"about":[{"href":"https:\/\/www.lgamoblamientos.com\/nv\/wp-json\/wp\/v2\/types\/product"}],"replies":[{"embeddable":true,"href":"https:\/\/www.lgamoblamientos.com\/nv\/wp-json\/wp\/v2\/comments?post=6316"}],"wp:featuredmedia":[{"embeddable":true,"href":"https:\/\/www.lgamoblamientos.com\/nv\/wp-json\/wp\/v2\/media\/9981"}],"wp:attachment":[{"href":"https:\/\/www.lgamoblamientos.com\/nv\/wp-json\/wp\/v2\/media?parent=6316"}],"wp:term":[{"taxonomy":"product_cat","embeddable":true,"href":"https:\/\/www.lgamoblamientos.com\/nv\/wp-json\/wp\/v2\/product_cat?post=6316"},{"taxonomy":"product_tag","embeddable":true,"href":"https:\/\/www.lgamoblamientos.com\/nv\/wp-json\/wp\/v2\/product_tag?post=6316"}],"curies":[{"name":"wp","href":"https:\/\/api.w.org\/{rel}","templated":true}]}}