{"id":6317,"date":"2019-11-29T00:37:48","date_gmt":"2019-11-29T03:37:48","guid":{"rendered":"http:\/\/www.lgamoblamientos.com\/nv\/product\/cartucho-para-filtro-tipo-iii-bestway\/"},"modified":"2026-03-12T18:00:04","modified_gmt":"2026-03-12T21:00:04","slug":"cartucho-para-filtro-tipo-iii-bestway","status":"publish","type":"product","link":"https:\/\/www.lgamoblamientos.com\/nv\/product\/cartucho-para-filtro-tipo-iii-bestway\/","title":{"rendered":"Cartucho Para Filtro Tipo III Bestway"},"content":{"rendered":"<p>CARTUCHO PARA FILTRO<\/p>\n<p>Cartucho para filtro de bombas Bestway de 5,678 L<br \/>\nSirve para bomba Bestway C\u00f3digo 58389<br \/>\nF\u00e1cil de limpiar<br \/>\nContenido: 1 cartuchos<br \/>\nTama\u00f1o: 10.6 x 10.6 x 20.3 cm<\/p>\n","protected":false},"excerpt":{"rendered":"<p>CARTUCHO PARA FILTRO Cartucho para filtro de bombas Bestway de 5,678 L Sirve para bomba Bestway C\u00f3digo 58389 F\u00e1cil de limpiar Contenido: 1 cartuchos Tama\u00f1o: 10.6 x 10.6 x 20.3<\/p>\n","protected":false},"featured_media":9980,"comment_status":"open","ping_status":"closed","template":"","meta":{"_acf_changed":false,"_joinchat":[]},"product_cat":[290,95],"product_tag":[1219],"class_list":{"0":"post-6317","1":"product","2":"type-product","3":"status-publish","4":"has-post-thumbnail","6":"product_cat-jardin-exterior","7":"product_cat-accesorios-de-piscina","8":"product_tag-cyber-fest-26","9":"product_shipping_class-flex","11":"first","12":"outofstock","13":"taxable","14":"shipping-taxable","15":"product-type-simple"},"acf":[],"aioseo_notices":[],"jetpack_sharing_enabled":true,"_links":{"self":[{"href":"https:\/\/www.lgamoblamientos.com\/nv\/wp-json\/wp\/v2\/product\/6317","targetHints":{"allow":["GET"]}}],"collection":[{"href":"https:\/\/www.lgamoblamientos.com\/nv\/wp-json\/wp\/v2\/product"}],"about":[{"href":"https:\/\/www.lgamoblamientos.com\/nv\/wp-json\/wp\/v2\/types\/product"}],"replies":[{"embeddable":true,"href":"https:\/\/www.lgamoblamientos.com\/nv\/wp-json\/wp\/v2\/comments?post=6317"}],"wp:featuredmedia":[{"embeddable":true,"href":"https:\/\/www.lgamoblamientos.com\/nv\/wp-json\/wp\/v2\/media\/9980"}],"wp:attachment":[{"href":"https:\/\/www.lgamoblamientos.com\/nv\/wp-json\/wp\/v2\/media?parent=6317"}],"wp:term":[{"taxonomy":"product_cat","embeddable":true,"href":"https:\/\/www.lgamoblamientos.com\/nv\/wp-json\/wp\/v2\/product_cat?post=6317"},{"taxonomy":"product_tag","embeddable":true,"href":"https:\/\/www.lgamoblamientos.com\/nv\/wp-json\/wp\/v2\/product_tag?post=6317"}],"curies":[{"name":"wp","href":"https:\/\/api.w.org\/{rel}","templated":true}]}}