{"id":6338,"date":"2019-11-29T00:38:25","date_gmt":"2019-11-29T03:38:25","guid":{"rendered":"http:\/\/www.lgamoblamientos.com\/nv\/product\/jacuzzi-lay-z-spa-moritz-ratan-air-jet-bestway-soporte-bebidas-apoya-vasos\/"},"modified":"2021-11-22T15:19:18","modified_gmt":"2021-11-22T18:19:18","slug":"jacuzzi-lay-z-spa-moritz-ratan-air-jet-bestway-soporte-bebidas-apoya-vasos","status":"publish","type":"product","link":"https:\/\/www.lgamoblamientos.com\/nv\/product\/jacuzzi-lay-z-spa-moritz-ratan-air-jet-bestway-soporte-bebidas-apoya-vasos\/","title":{"rendered":"Jacuzzi Lay Z Spa Moritz Ratan Air Jet Bestway + Soporte Bebidas Apoya Vasos"},"content":{"rendered":"<p>JACUZZI LAY Z SPA BESTWAY + SOPORTE PARA BEBIDAS<\/p>\n<p>Incluye: 1 Jacuzzi + 1 soporte para bebidas<\/p>\n<p>&#8212;- JACUZZI SPA MORITZ<\/p>\n<p>Simplemente presione el bot\u00f3n Lay-L-Massage en el panel de control y AirJets lo rodear\u00e1 con un gran disfrute de burbujas efervescentes.<\/p>\n<p>&#8211; 220-240V ~ 50Hz, 2050W a 20<br \/>\nCapacidad: 5-7 adultos<br \/>\nCapacidad de agua (80%): 1190 L (314 gal.)<br \/>\nTama\u00f1o inflado: 2,16 mx 71 cm (85 \u00abx 28\u00bb)<br \/>\nPeso lleno: 1210 kg (2,662 lb.)<br \/>\nCaudal de agua real: 1,325 l \/ h (350 gal.\/h)<br \/>\nSistema de calefacci\u00f3n: Aprox. 1.2-1.8 l \/ h (2-3 l\/ h) M\u00e1x.<\/p>\n<p>&#8211; Bomba y piscina de spa previamente probadas<br \/>\n&#8211; Sistema calmante AirJet \u2122<br \/>\n&#8211; Sistema de ahorro de energ\u00eda: Sistema de calefacci\u00f3n controlado por temporizador de inicio \/ parada autom\u00e1tico<br \/>\n&#8211; Sistema de filtraci\u00f3n de agua integrado<br \/>\n&#8211; Inflado Las paredes est\u00e1n hechas de material TriTechTM, proporcionando lo \u00faltimo en durabilidad y confort.<br \/>\n&#8211; Cubierta reforzada con clips de bloqueo de seguridad y c\u00e1mara de aire incorporada para aislamiento<br \/>\n&#8211; Impresi\u00f3n de rat\u00e1n en la parte exterior y cubierta de la piscina, Impresi\u00f3n de mosaico en la parte inferior<br \/>\n&#8211; Protector de la almohadilla de aire mantiene la temperatura del agua caliente<br \/>\n&#8211; Suelo suave y aislado con una conveniente v\u00e1lvula de drenaje<br \/>\n&#8211; 2 f\u00e1cil levante las manijas para ayudar a mover la piscina del spa (cuando est\u00e1 vac\u00eda)<br \/>\n&#8211; Sistema de detecci\u00f3n de fallas a tierra habilitado para brindar mayor seguridad al usuario<br \/>\n&#8211; La calefacci\u00f3n y el burbujeo trabajan juntos para brindar una experiencia de masaje confortable<br \/>\n&#8211; La bomba se suministra con un dispositivo de corriente residual &#8211; funcionamiento residual nominal la corriente no supera los 10 mA<br \/>\n&#8211; Bomba controlada digitalmente con panel de control suave al tacto<br \/>\n&#8211; Infla usando la bomba del spa Contenido: un forro para piscina, una cubierta para piscina, una bomba para spa, un flotador qu\u00edmico, un cartucho de filtro (VI), un protector de almohadilla de aire, kit de reparaci\u00f3n, AirJet \u2122 sistema<\/p>\n<p>&#8212;-PORTA VASOS BEBIDAS LAY Z SPA<\/p>\n<p>Se ancla a la pared de cualquier Jacuzzi Lay-Z-Spa Bestway<br \/>\nF\u00e1cil de limpiar<br \/>\nMaterial de alta calidad<br \/>\nEste pr\u00e1ctico accesorio para ba\u00f1era de hidromasaje incluye dos soportes para bebidas y una bandeja<br \/>\nColor: Blanco<br \/>\nSiempre tenga una bebida o un bocadillo a mano mientras se relaja<br \/>\nLos soportes para bebidas se pueden separar de la bandeja para que las bebidas se puedan sostener a ambos lados del jacuzzi.<\/p>\n<p>Compatible con todos los Lay-Z-Spas (excepto el M\u00f3naco)<br \/>\nMedidas: 13,5 x 26,5 x 8 cm<\/p>\n","protected":false},"excerpt":{"rendered":"<p>JACUZZI LAY Z SPA BESTWAY + SOPORTE PARA BEBIDAS Incluye: 1 Jacuzzi + 1 soporte para bebidas &#8212;- JACUZZI SPA MORITZ Simplemente presione el bot\u00f3n Lay-L-Massage en el panel de<\/p>\n","protected":false},"featured_media":16759,"comment_status":"open","ping_status":"closed","template":"","meta":{"_acf_changed":false,"_joinchat":[]},"product_cat":[290,97],"product_tag":[],"class_list":{"0":"post-6338","1":"product","2":"type-product","3":"status-publish","4":"has-post-thumbnail","6":"product_cat-jardin-exterior","7":"product_cat-jacuzzi","9":"first","10":"outofstock","11":"taxable","12":"shipping-taxable","13":"purchasable","14":"product-type-simple"},"acf":[],"aioseo_notices":[],"jetpack_sharing_enabled":true,"_links":{"self":[{"href":"https:\/\/www.lgamoblamientos.com\/nv\/wp-json\/wp\/v2\/product\/6338","targetHints":{"allow":["GET"]}}],"collection":[{"href":"https:\/\/www.lgamoblamientos.com\/nv\/wp-json\/wp\/v2\/product"}],"about":[{"href":"https:\/\/www.lgamoblamientos.com\/nv\/wp-json\/wp\/v2\/types\/product"}],"replies":[{"embeddable":true,"href":"https:\/\/www.lgamoblamientos.com\/nv\/wp-json\/wp\/v2\/comments?post=6338"}],"wp:featuredmedia":[{"embeddable":true,"href":"https:\/\/www.lgamoblamientos.com\/nv\/wp-json\/wp\/v2\/media\/16759"}],"wp:attachment":[{"href":"https:\/\/www.lgamoblamientos.com\/nv\/wp-json\/wp\/v2\/media?parent=6338"}],"wp:term":[{"taxonomy":"product_cat","embeddable":true,"href":"https:\/\/www.lgamoblamientos.com\/nv\/wp-json\/wp\/v2\/product_cat?post=6338"},{"taxonomy":"product_tag","embeddable":true,"href":"https:\/\/www.lgamoblamientos.com\/nv\/wp-json\/wp\/v2\/product_tag?post=6338"}],"curies":[{"name":"wp","href":"https:\/\/api.w.org\/{rel}","templated":true}]}}