{"id":6346,"date":"2019-11-29T00:38:34","date_gmt":"2019-11-29T03:38:34","guid":{"rendered":"http:\/\/www.lgamoblamientos.com\/nv\/product\/kit-2-mesas-de-luz-comoda-rustica-madera-maciza\/"},"modified":"2021-07-29T11:15:22","modified_gmt":"2021-07-29T14:15:22","slug":"kit-2-mesas-de-luz-comoda-rustica-madera-maciza","status":"publish","type":"product","link":"https:\/\/www.lgamoblamientos.com\/nv\/product\/kit-2-mesas-de-luz-comoda-rustica-madera-maciza\/","title":{"rendered":"Kit 2 Mesas De Luz + Comoda Rustica Madera Maciza"},"content":{"rendered":"<p>COMBO 2 MESAS DE LUZ + C\u00d3MODA RUSTICA<\/p>\n<p>Incluye: 2 Mesas de Luz + C\u00f3moda<\/p>\n<p>&#8212;- MESA DE LUZ L\u00cdNEA MADERA CL\u00c1SICA<\/p>\n<p>Mesa de luz de madera maciza con herrajes met\u00e1licos negros.<br \/>\nMedidas: Alto: 58 cm Largo: 42 cm Prof.: 30 cm<br \/>\nColor Roble Oscuro<br \/>\n1 caj\u00f3n. 1 puerta.<\/p>\n<p>&#8212;- C\u00d3MODA R\u00daSTICA 4 CAJONES<\/p>\n<p>C\u00f3moda de 4 cajones en madera maciza.<br \/>\nMedidas: Alto: 0,95 \/ Largo: 0,80 \/Prof.: 0.40<br \/>\nCon herrajes met\u00e1licos negros.<br \/>\nColor Roble Oscuro<\/p>\n<p>L\u00ednea mexicana cl\u00e1sica<\/p>\n","protected":false},"excerpt":{"rendered":"<p>COMBO 2 MESAS DE LUZ + C\u00d3MODA RUSTICA Incluye: 2 Mesas de Luz + C\u00f3moda &#8212;- MESA DE LUZ L\u00cdNEA MADERA CL\u00c1SICA Mesa de luz de madera maciza con herrajes<\/p>\n","protected":false},"featured_media":17656,"comment_status":"open","ping_status":"closed","template":"","meta":{"_acf_changed":false,"_joinchat":[]},"product_cat":[39,72,75],"product_tag":[],"class_list":{"0":"post-6346","1":"product","2":"type-product","3":"status-publish","4":"has-post-thumbnail","6":"product_cat-dormitorio","7":"product_cat-comodas-zapateras","8":"product_cat-respaldos-mesas-de-luz","10":"first","11":"outofstock","12":"taxable","13":"shipping-taxable","14":"purchasable","15":"product-type-simple"},"acf":[],"aioseo_notices":[],"jetpack_sharing_enabled":true,"_links":{"self":[{"href":"https:\/\/www.lgamoblamientos.com\/nv\/wp-json\/wp\/v2\/product\/6346","targetHints":{"allow":["GET"]}}],"collection":[{"href":"https:\/\/www.lgamoblamientos.com\/nv\/wp-json\/wp\/v2\/product"}],"about":[{"href":"https:\/\/www.lgamoblamientos.com\/nv\/wp-json\/wp\/v2\/types\/product"}],"replies":[{"embeddable":true,"href":"https:\/\/www.lgamoblamientos.com\/nv\/wp-json\/wp\/v2\/comments?post=6346"}],"wp:featuredmedia":[{"embeddable":true,"href":"https:\/\/www.lgamoblamientos.com\/nv\/wp-json\/wp\/v2\/media\/17656"}],"wp:attachment":[{"href":"https:\/\/www.lgamoblamientos.com\/nv\/wp-json\/wp\/v2\/media?parent=6346"}],"wp:term":[{"taxonomy":"product_cat","embeddable":true,"href":"https:\/\/www.lgamoblamientos.com\/nv\/wp-json\/wp\/v2\/product_cat?post=6346"},{"taxonomy":"product_tag","embeddable":true,"href":"https:\/\/www.lgamoblamientos.com\/nv\/wp-json\/wp\/v2\/product_tag?post=6346"}],"curies":[{"name":"wp","href":"https:\/\/api.w.org\/{rel}","templated":true}]}}