{"id":6409,"date":"2019-11-29T09:46:40","date_gmt":"2019-11-29T12:46:40","guid":{"rendered":"http:\/\/www.lgamoblamientos.com\/nv\/product\/sofa-reclinable-3-cuerpos\/"},"modified":"2025-09-27T08:05:12","modified_gmt":"2025-09-27T11:05:12","slug":"sofa-reclinable-3-cuerpos","status":"publish","type":"product","link":"https:\/\/www.lgamoblamientos.com\/nv\/product\/sofa-reclinable-3-cuerpos\/","title":{"rendered":"Sofa reclinable 3 Cuerpos"},"content":{"rendered":"<p>SOF\u00c1 RECLINABLE 3 CUERPOS <\/p>\n<p>\u2022 Medidas: Ancho 1,54 m x Prof 0,97 m x Altura 1,01 m<br \/>\n\u2022 Colores: Negro (Mate) \/ Marr\u00f3n (Mate)<br \/>\n\u2022 Apertura Push Back<br \/>\n\u2022 Tapizado en cuero sint\u00e9tico<br \/>\n\u2022 Relleno en espuma y fibra siliconada.<br \/>\n\u2022 Respaldo y pies reclinables, se mueven en forma independiente (el cuerpo central no se reclina)<br \/>\n\u2022 Dise\u00f1o contempor\u00e1neo para un m\u00e1ximo estilo y confort.<\/p>\n","protected":false},"excerpt":{"rendered":"<p>SOF\u00c1 RECLINABLE 3 CUERPOS \u2022 Medidas: Ancho 1,54 m x Prof 0,97 m x Altura 1,01 m \u2022 Colores: Negro (Mate) \/ Marr\u00f3n (Mate) \u2022 Apertura Push Back \u2022 Tapizado<\/p>\n","protected":false},"featured_media":39648,"comment_status":"open","ping_status":"closed","template":"","meta":{"_acf_changed":false,"_joinchat":[]},"product_cat":[1000,90],"product_tag":[],"class_list":{"0":"post-6409","1":"product","2":"type-product","3":"status-publish","4":"has-post-thumbnail","6":"product_cat-comedor-living","7":"product_cat-sillones-mesas-ratonas","9":"first","10":"outofstock","11":"taxable","12":"shipping-taxable","13":"product-type-variable","14":"has-default-attributes"},"acf":[],"aioseo_notices":[],"jetpack_sharing_enabled":true,"_links":{"self":[{"href":"https:\/\/www.lgamoblamientos.com\/nv\/wp-json\/wp\/v2\/product\/6409","targetHints":{"allow":["GET"]}}],"collection":[{"href":"https:\/\/www.lgamoblamientos.com\/nv\/wp-json\/wp\/v2\/product"}],"about":[{"href":"https:\/\/www.lgamoblamientos.com\/nv\/wp-json\/wp\/v2\/types\/product"}],"replies":[{"embeddable":true,"href":"https:\/\/www.lgamoblamientos.com\/nv\/wp-json\/wp\/v2\/comments?post=6409"}],"wp:featuredmedia":[{"embeddable":true,"href":"https:\/\/www.lgamoblamientos.com\/nv\/wp-json\/wp\/v2\/media\/39648"}],"wp:attachment":[{"href":"https:\/\/www.lgamoblamientos.com\/nv\/wp-json\/wp\/v2\/media?parent=6409"}],"wp:term":[{"taxonomy":"product_cat","embeddable":true,"href":"https:\/\/www.lgamoblamientos.com\/nv\/wp-json\/wp\/v2\/product_cat?post=6409"},{"taxonomy":"product_tag","embeddable":true,"href":"https:\/\/www.lgamoblamientos.com\/nv\/wp-json\/wp\/v2\/product_tag?post=6409"}],"curies":[{"name":"wp","href":"https:\/\/api.w.org\/{rel}","templated":true}]}}